{"id":6,"date":"2020-08-17T23:03:54","date_gmt":"2020-08-17T21:03:54","guid":{"rendered":"https:\/\/inv.ucsa-ct.edu.py\/gicts\/?page_id=6"},"modified":"2020-09-04T02:01:21","modified_gmt":"2020-09-04T00:01:21","slug":"inicio","status":"publish","type":"page","link":"https:\/\/inv.ucsa-ct.edu.py\/gicts\/","title":{"rendered":"inicio"},"content":{"rendered":"\t\t<div data-elementor-type=\"wp-page\" data-elementor-id=\"6\" class=\"elementor elementor-6\">\n\t\t\t\t\t\t<section class=\"elementor-section elementor-top-section elementor-element elementor-element-3c04701 elementor-section-full_width elementor-section-height-default elementor-section-height-default\" data-id=\"3c04701\" data-element_type=\"section\" data-settings=\"{&quot;background_background&quot;:&quot;classic&quot;}\">\n\t\t\t\t\t\t<div class=\"elementor-container elementor-column-gap-default\">\n\t\t\t\t\t<div class=\"elementor-column elementor-col-100 elementor-top-column elementor-element elementor-element-d211e8d\" data-id=\"d211e8d\" data-element_type=\"column\">\n\t\t\t<div class=\"elementor-widget-wrap elementor-element-populated\">\n\t\t\t\t\t\t<div class=\"elementor-element elementor-element-e78555a elementor-widget elementor-widget-heading\" data-id=\"e78555a\" data-element_type=\"widget\" data-widget_type=\"heading.default\">\n\t\t\t\t<div class=\"elementor-widget-container\">\n\t\t\t\t\t<h1 class=\"elementor-heading-title elementor-size-large\">Grupo de Investigaci\u00f3n en Ciencia, Tecnolog\u00eda y Sociedad. M\u00e9todos de conservaci\u00f3n de alimentos. GICTS<\/h1>\t\t\t\t<\/div>\n\t\t\t\t<\/div>\n\t\t\t\t\t<\/div>\n\t\t<\/div>\n\t\t\t\t\t<\/div>\n\t\t<\/section>\n\t\t\t\t<section class=\"elementor-section elementor-top-section elementor-element elementor-element-5684fe9 elementor-section-boxed elementor-section-height-default elementor-section-height-default\" data-id=\"5684fe9\" data-element_type=\"section\">\n\t\t\t\t\t\t<div class=\"elementor-container elementor-column-gap-default\">\n\t\t\t\t\t<div class=\"elementor-column elementor-col-25 elementor-top-column elementor-element elementor-element-9828af8\" data-id=\"9828af8\" data-element_type=\"column\">\n\t\t\t<div class=\"elementor-widget-wrap elementor-element-populated\">\n\t\t\t\t\t\t<div class=\"elementor-element elementor-element-4b6e8c9 elementor-widget elementor-widget-image\" data-id=\"4b6e8c9\" data-element_type=\"widget\" data-widget_type=\"image.default\">\n\t\t\t\t<div class=\"elementor-widget-container\">\n\t\t\t\t\t\t\t\t\t\t\t\t\t\t\t<img fetchpriority=\"high\" decoding=\"async\" width=\"900\" height=\"257\" src=\"https:\/\/inv.ucsa-ct.edu.py\/gicts\/wp-content\/uploads\/sites\/6\/2020\/08\/conacyt-1024x292.png\" class=\"attachment-large size-large wp-image-48\" alt=\"\" srcset=\"https:\/\/inv.ucsa-ct.edu.py\/gicts\/wp-content\/uploads\/sites\/6\/2020\/08\/conacyt.png 1024w, https:\/\/inv.ucsa-ct.edu.py\/gicts\/wp-content\/uploads\/sites\/6\/2020\/08\/conacyt-300x86.png 300w, https:\/\/inv.ucsa-ct.edu.py\/gicts\/wp-content\/uploads\/sites\/6\/2020\/08\/conacyt-768x219.png 768w\" sizes=\"(max-width: 900px) 100vw, 900px\" \/>\t\t\t\t\t\t\t\t\t\t\t\t\t\t\t<\/div>\n\t\t\t\t<\/div>\n\t\t\t\t\t<\/div>\n\t\t<\/div>\n\t\t\t\t<div class=\"elementor-column elementor-col-25 elementor-top-column elementor-element elementor-element-d40b436\" data-id=\"d40b436\" data-element_type=\"column\">\n\t\t\t<div class=\"elementor-widget-wrap elementor-element-populated\">\n\t\t\t\t\t\t<div class=\"elementor-element elementor-element-fa36ba3 elementor-widget elementor-widget-image\" data-id=\"fa36ba3\" data-element_type=\"widget\" data-widget_type=\"image.default\">\n\t\t\t\t<div class=\"elementor-widget-container\">\n\t\t\t\t\t\t\t\t\t\t\t\t\t\t\t<img decoding=\"async\" width=\"900\" height=\"267\" src=\"https:\/\/inv.ucsa-ct.edu.py\/gicts\/wp-content\/uploads\/sites\/6\/2020\/08\/prociencia-1024x304.png\" class=\"attachment-large size-large wp-image-56\" alt=\"\" srcset=\"https:\/\/inv.ucsa-ct.edu.py\/gicts\/wp-content\/uploads\/sites\/6\/2020\/08\/prociencia.png 1024w, https:\/\/inv.ucsa-ct.edu.py\/gicts\/wp-content\/uploads\/sites\/6\/2020\/08\/prociencia-300x89.png 300w, https:\/\/inv.ucsa-ct.edu.py\/gicts\/wp-content\/uploads\/sites\/6\/2020\/08\/prociencia-768x228.png 768w\" sizes=\"(max-width: 900px) 100vw, 900px\" \/>\t\t\t\t\t\t\t\t\t\t\t\t\t\t\t<\/div>\n\t\t\t\t<\/div>\n\t\t\t\t\t<\/div>\n\t\t<\/div>\n\t\t\t\t<div class=\"elementor-column elementor-col-25 elementor-top-column elementor-element elementor-element-d8f0032\" data-id=\"d8f0032\" data-element_type=\"column\">\n\t\t\t<div class=\"elementor-widget-wrap elementor-element-populated\">\n\t\t\t\t\t\t<div class=\"elementor-element elementor-element-82a50f2 elementor-widget elementor-widget-image\" data-id=\"82a50f2\" data-element_type=\"widget\" data-widget_type=\"image.default\">\n\t\t\t\t<div class=\"elementor-widget-container\">\n\t\t\t\t\t\t\t\t\t\t\t\t\t\t\t<img decoding=\"async\" width=\"300\" height=\"105\" src=\"https:\/\/inv.ucsa-ct.edu.py\/gicts\/wp-content\/uploads\/sites\/6\/2020\/08\/logo-ucsa.png\" class=\"attachment-large size-large wp-image-16\" alt=\"\" \/>\t\t\t\t\t\t\t\t\t\t\t\t\t\t\t<\/div>\n\t\t\t\t<\/div>\n\t\t\t\t\t<\/div>\n\t\t<\/div>\n\t\t\t\t<div class=\"elementor-column elementor-col-25 elementor-top-column elementor-element elementor-element-4fdc928\" data-id=\"4fdc928\" data-element_type=\"column\">\n\t\t\t<div class=\"elementor-widget-wrap elementor-element-populated\">\n\t\t\t\t\t\t<div class=\"elementor-element elementor-element-7cba338 elementor-widget elementor-widget-image\" data-id=\"7cba338\" data-element_type=\"widget\" data-widget_type=\"image.default\">\n\t\t\t\t<div class=\"elementor-widget-container\">\n\t\t\t\t\t\t\t\t\t\t\t\t\t\t\t<img loading=\"lazy\" decoding=\"async\" width=\"300\" height=\"105\" src=\"https:\/\/inv.ucsa-ct.edu.py\/gicts\/wp-content\/uploads\/sites\/6\/2020\/09\/Logo-FEEI-v2.jpg\" class=\"attachment-large size-large wp-image-325\" alt=\"\" \/>\t\t\t\t\t\t\t\t\t\t\t\t\t\t\t<\/div>\n\t\t\t\t<\/div>\n\t\t\t\t\t<\/div>\n\t\t<\/div>\n\t\t\t\t\t<\/div>\n\t\t<\/section>\n\t\t\t\t<section class=\"elementor-section elementor-top-section elementor-element elementor-element-9215481 elementor-section-boxed elementor-section-height-default elementor-section-height-default\" data-id=\"9215481\" data-element_type=\"section\">\n\t\t\t\t\t\t<div class=\"elementor-container elementor-column-gap-default\">\n\t\t\t\t\t<div class=\"elementor-column elementor-col-100 elementor-top-column elementor-element elementor-element-326b39d\" data-id=\"326b39d\" data-element_type=\"column\">\n\t\t\t<div class=\"elementor-widget-wrap elementor-element-populated\">\n\t\t\t\t\t\t\t<\/div>\n\t\t<\/div>\n\t\t\t\t\t<\/div>\n\t\t<\/section>\n\t\t\t\t<section class=\"elementor-section elementor-top-section elementor-element elementor-element-3e3b90f elementor-section-boxed elementor-section-height-default elementor-section-height-default\" data-id=\"3e3b90f\" data-element_type=\"section\">\n\t\t\t\t\t\t<div class=\"elementor-container elementor-column-gap-default\">\n\t\t\t\t\t<div class=\"elementor-column elementor-col-50 elementor-top-column elementor-element elementor-element-e70bffd\" data-id=\"e70bffd\" data-element_type=\"column\">\n\t\t\t<div class=\"elementor-widget-wrap elementor-element-populated\">\n\t\t\t\t\t\t<div class=\"elementor-element elementor-element-1ce55b8 elementor-widget elementor-widget-image\" data-id=\"1ce55b8\" data-element_type=\"widget\" data-widget_type=\"image.default\">\n\t\t\t\t<div class=\"elementor-widget-container\">\n\t\t\t\t\t\t\t\t\t\t\t\t\t\t\t<img loading=\"lazy\" decoding=\"async\" width=\"150\" height=\"150\" src=\"https:\/\/inv.ucsa-ct.edu.py\/gicts\/wp-content\/uploads\/sites\/6\/2020\/09\/logo-frutilla-150x150.jpg\" class=\"attachment-thumbnail size-thumbnail wp-image-331\" alt=\"\" \/>\t\t\t\t\t\t\t\t\t\t\t\t\t\t\t<\/div>\n\t\t\t\t<\/div>\n\t\t\t\t\t<\/div>\n\t\t<\/div>\n\t\t\t\t<div class=\"elementor-column elementor-col-50 elementor-top-column elementor-element elementor-element-4b0af8a\" data-id=\"4b0af8a\" data-element_type=\"column\">\n\t\t\t<div class=\"elementor-widget-wrap elementor-element-populated\">\n\t\t\t\t\t\t<div class=\"elementor-element elementor-element-cd1bb14 elementor-widget elementor-widget-text-editor\" data-id=\"cd1bb14\" data-element_type=\"widget\" data-widget_type=\"text-editor.default\">\n\t\t\t\t<div class=\"elementor-widget-container\">\n\t\t\t\t\t\t\t\t\t<p><span style=\"color: #000000;\">Procesos y mecanismos de inclusi\u00f3n hacia una mayor <\/span><span style=\"color: #000000;\">productividad de los agricultores de frutilla de la ciudad de Aregu\u00e1 a la tecnolog\u00eda de la Liofilizaci\u00f3n<\/span><\/p>\n<h5 style=\"text-align: left;\"><b>Proyecto 14-INV-446<\/b><\/h5>\t\t\t\t\t\t\t\t<\/div>\n\t\t\t\t<\/div>\n\t\t\t\t\t<\/div>\n\t\t<\/div>\n\t\t\t\t\t<\/div>\n\t\t<\/section>\n\t\t\t\t<section class=\"elementor-section elementor-top-section elementor-element elementor-element-0c2d26e elementor-section-boxed elementor-section-height-default elementor-section-height-default\" data-id=\"0c2d26e\" data-element_type=\"section\">\n\t\t\t\t\t\t<div class=\"elementor-container elementor-column-gap-default\">\n\t\t\t\t\t<div class=\"elementor-column elementor-col-100 elementor-top-column elementor-element elementor-element-f37b591\" data-id=\"f37b591\" data-element_type=\"column\">\n\t\t\t<div class=\"elementor-widget-wrap elementor-element-populated\">\n\t\t\t\t\t\t<div class=\"elementor-element elementor-element-22f075b elementor-widget elementor-widget-text-editor\" data-id=\"22f075b\" data-element_type=\"widget\" data-widget_type=\"text-editor.default\">\n\t\t\t\t<div class=\"elementor-widget-container\">\n\t\t\t\t\t\t\t\t\t<p style=\"text-align: left;\">El prop\u00f3sito de este trabajo fue conseguir un producto que pueda competir en el rubro de alimentos, que cumpla con normas de calidad, precio y que sea beneficioso para los productores de frutilla de la zona de Aregu\u00e1, Paraguay. El Estudio fue realizado en el departamento Central con la colaboraci\u00f3n de productores de frutilla, el objetivo es brindarles apoyo y conocimiento en la implementaci\u00f3n de la utilizaci\u00f3n de otros m\u00e9todos de conservaci\u00f3n de sus productos. Fueron consultados expertos en el \u00e1rea de la liofilizaci\u00f3n de alimentos y f\u00e1rmacos, que aportaron datos importantes para evaluar la factibilidad del uso de este proceso. Este es un trabajo de investigaci\u00f3n financiado por el Consejo Nacional de Ciencia y Tecnolog\u00eda \u2013 CONACYT, con enfoque enmarcado en el \u00e1rea de Ciencia, Tecnolog\u00eda y Sociedad, que pretende contribuir con la Responsabilidad Social de la Universidad interna y externamente. Internamente porque se trabaja en cooperaci\u00f3n con estudiantes y docentes de la universidad para ello se adquiri\u00f3 un equipo Liofilizador que est\u00e1 instalado en el Laboratorio de la UCSA y que est\u00e1 siendo utilizado para realizar pr\u00e1cticas de laboratorio en el \u00e1rea de las ingenier\u00edas adem\u00e1s algunos estudiantes realizan sus Trabajo Final de Grado y utilizar para la aplicaci\u00f3n en otros estudios en el \u00e1rea de investigaci\u00f3n y extensi\u00f3n. Externamente porque la comunidad educativa de la Universidad se acerca a la sociedad a los cuales se les trasfiere conocimientos, t\u00e9cnicas y posibilidades del uso de la tecnolog\u00eda, respondiendo as\u00ed a la misi\u00f3n de la Universidad.<\/p>\t\t\t\t\t\t\t\t<\/div>\n\t\t\t\t<\/div>\n\t\t\t\t\t<\/div>\n\t\t<\/div>\n\t\t\t\t\t<\/div>\n\t\t<\/section>\n\t\t\t\t<section class=\"elementor-section elementor-top-section elementor-element elementor-element-98f04ee elementor-section-boxed elementor-section-height-default elementor-section-height-default\" data-id=\"98f04ee\" data-element_type=\"section\">\n\t\t\t\t\t\t<div class=\"elementor-container elementor-column-gap-default\">\n\t\t\t\t\t<div class=\"elementor-column elementor-col-100 elementor-top-column elementor-element elementor-element-420f0fb\" data-id=\"420f0fb\" data-element_type=\"column\">\n\t\t\t<div class=\"elementor-widget-wrap elementor-element-populated\">\n\t\t\t\t\t\t<div class=\"elementor-element elementor-element-0d034a0 elementor-widget elementor-widget-text-editor\" data-id=\"0d034a0\" data-element_type=\"widget\" data-widget_type=\"text-editor.default\">\n\t\t\t\t<div class=\"elementor-widget-container\">\n\t\t\t\t\t\t\t\t\t<p style=\"text-align: center;\"><strong>Este proyecto es cofinanciado por el Consejo Nacional de Ciencia y Tecnolog\u00eda &#8211; CONACYT con recursos del FEEI.\u00a0<\/strong><\/p><p style=\"text-align: center;\"><strong>Instituci\u00f3n ejecutora del proyecto:<\/strong><\/p><p style=\"text-align: center;\">Universidad del Cono Sur de las Am\u00e9ricas.<\/p>\t\t\t\t\t\t\t\t<\/div>\n\t\t\t\t<\/div>\n\t\t\t\t\t<\/div>\n\t\t<\/div>\n\t\t\t\t\t<\/div>\n\t\t<\/section>\n\t\t\t\t<\/div>\n\t\t","protected":false},"excerpt":{"rendered":"<p>Grupo de Investigaci\u00f3n en Ciencia, Tecnolog\u00eda y Sociedad. M\u00e9todos de conservaci\u00f3n de alimentos. GICTS Procesos y mecanismos de inclusi\u00f3n hacia una mayor productividad de los agricultores de frutilla de la ciudad de Aregu\u00e1 a la tecnolog\u00eda de la Liofilizaci\u00f3n Proyecto 14-INV-446 El prop\u00f3sito de este trabajo fue conseguir un producto que pueda competir en el [&hellip;]<\/p>\n","protected":false},"author":2,"featured_media":0,"parent":0,"menu_order":0,"comment_status":"closed","ping_status":"closed","template":"elementor_header_footer","meta":{"footnotes":""},"class_list":["post-6","page","type-page","status-publish","hentry"],"_links":{"self":[{"href":"https:\/\/inv.ucsa-ct.edu.py\/gicts\/wp-json\/wp\/v2\/pages\/6","targetHints":{"allow":["GET"]}}],"collection":[{"href":"https:\/\/inv.ucsa-ct.edu.py\/gicts\/wp-json\/wp\/v2\/pages"}],"about":[{"href":"https:\/\/inv.ucsa-ct.edu.py\/gicts\/wp-json\/wp\/v2\/types\/page"}],"author":[{"embeddable":true,"href":"https:\/\/inv.ucsa-ct.edu.py\/gicts\/wp-json\/wp\/v2\/users\/2"}],"replies":[{"embeddable":true,"href":"https:\/\/inv.ucsa-ct.edu.py\/gicts\/wp-json\/wp\/v2\/comments?post=6"}],"version-history":[{"count":41,"href":"https:\/\/inv.ucsa-ct.edu.py\/gicts\/wp-json\/wp\/v2\/pages\/6\/revisions"}],"predecessor-version":[{"id":491,"href":"https:\/\/inv.ucsa-ct.edu.py\/gicts\/wp-json\/wp\/v2\/pages\/6\/revisions\/491"}],"wp:attachment":[{"href":"https:\/\/inv.ucsa-ct.edu.py\/gicts\/wp-json\/wp\/v2\/media?parent=6"}],"curies":[{"name":"wp","href":"https:\/\/api.w.org\/{rel}","templated":true}]}}