{"id":14,"date":"2020-08-18T15:33:50","date_gmt":"2020-08-18T13:33:50","guid":{"rendered":"https:\/\/inv.ucsa-ct.edu.py\/gicts\/?page_id=14"},"modified":"2020-09-04T01:52:51","modified_gmt":"2020-09-03T23:52:51","slug":"publicaciones","status":"publish","type":"page","link":"https:\/\/inv.ucsa-ct.edu.py\/gicts\/publicaciones\/","title":{"rendered":"publicaciones"},"content":{"rendered":"\t\t<div data-elementor-type=\"wp-page\" data-elementor-id=\"14\" class=\"elementor elementor-14\">\n\t\t\t\t\t\t<section class=\"elementor-section elementor-top-section elementor-element elementor-element-3f1f6b9 elementor-section-full_width elementor-section-height-default elementor-section-height-default\" data-id=\"3f1f6b9\" data-element_type=\"section\" data-settings=\"{&quot;background_background&quot;:&quot;classic&quot;}\">\n\t\t\t\t\t\t<div class=\"elementor-container elementor-column-gap-default\">\n\t\t\t\t\t<div class=\"elementor-column elementor-col-100 elementor-top-column elementor-element elementor-element-7552e5e\" data-id=\"7552e5e\" data-element_type=\"column\">\n\t\t\t<div class=\"elementor-widget-wrap elementor-element-populated\">\n\t\t\t\t\t\t<div class=\"elementor-element elementor-element-84f66f9 elementor-widget elementor-widget-heading\" data-id=\"84f66f9\" data-element_type=\"widget\" data-widget_type=\"heading.default\">\n\t\t\t\t<div class=\"elementor-widget-container\">\n\t\t\t\t\t<h1 class=\"elementor-heading-title elementor-size-large\">Grupo de Investigaci\u00f3n en Ciencia, Tecnolog\u00eda y Sociedad. M\u00e9todos de conservaci\u00f3n de alimentos. GICTS<\/h1>\t\t\t\t<\/div>\n\t\t\t\t<\/div>\n\t\t\t\t\t<\/div>\n\t\t<\/div>\n\t\t\t\t\t<\/div>\n\t\t<\/section>\n\t\t\t\t<section class=\"elementor-section elementor-top-section elementor-element elementor-element-8622ac8 elementor-section-boxed elementor-section-height-default elementor-section-height-default\" data-id=\"8622ac8\" data-element_type=\"section\">\n\t\t\t\t\t\t<div class=\"elementor-container elementor-column-gap-default\">\n\t\t\t\t\t<div class=\"elementor-column elementor-col-25 elementor-top-column elementor-element elementor-element-5394754\" data-id=\"5394754\" data-element_type=\"column\">\n\t\t\t<div class=\"elementor-widget-wrap elementor-element-populated\">\n\t\t\t\t\t\t<div class=\"elementor-element elementor-element-e68f32b elementor-widget elementor-widget-image\" data-id=\"e68f32b\" data-element_type=\"widget\" data-widget_type=\"image.default\">\n\t\t\t\t<div class=\"elementor-widget-container\">\n\t\t\t\t\t\t\t\t\t\t\t\t\t\t\t<img fetchpriority=\"high\" decoding=\"async\" width=\"900\" height=\"257\" src=\"https:\/\/inv.ucsa-ct.edu.py\/gicts\/wp-content\/uploads\/sites\/6\/2020\/08\/conacyt-1024x292.png\" class=\"attachment-large size-large wp-image-48\" alt=\"\" srcset=\"https:\/\/inv.ucsa-ct.edu.py\/gicts\/wp-content\/uploads\/sites\/6\/2020\/08\/conacyt.png 1024w, https:\/\/inv.ucsa-ct.edu.py\/gicts\/wp-content\/uploads\/sites\/6\/2020\/08\/conacyt-300x86.png 300w, https:\/\/inv.ucsa-ct.edu.py\/gicts\/wp-content\/uploads\/sites\/6\/2020\/08\/conacyt-768x219.png 768w\" sizes=\"(max-width: 900px) 100vw, 900px\" \/>\t\t\t\t\t\t\t\t\t\t\t\t\t\t\t<\/div>\n\t\t\t\t<\/div>\n\t\t\t\t\t<\/div>\n\t\t<\/div>\n\t\t\t\t<div class=\"elementor-column elementor-col-25 elementor-top-column elementor-element elementor-element-bd45f16\" data-id=\"bd45f16\" data-element_type=\"column\">\n\t\t\t<div class=\"elementor-widget-wrap elementor-element-populated\">\n\t\t\t\t\t\t<div class=\"elementor-element elementor-element-4dac668 elementor-widget elementor-widget-image\" data-id=\"4dac668\" data-element_type=\"widget\" data-widget_type=\"image.default\">\n\t\t\t\t<div class=\"elementor-widget-container\">\n\t\t\t\t\t\t\t\t\t\t\t\t\t\t\t<img decoding=\"async\" width=\"900\" height=\"267\" src=\"https:\/\/inv.ucsa-ct.edu.py\/gicts\/wp-content\/uploads\/sites\/6\/2020\/08\/prociencia-1024x304.png\" class=\"attachment-large size-large wp-image-56\" alt=\"\" srcset=\"https:\/\/inv.ucsa-ct.edu.py\/gicts\/wp-content\/uploads\/sites\/6\/2020\/08\/prociencia.png 1024w, https:\/\/inv.ucsa-ct.edu.py\/gicts\/wp-content\/uploads\/sites\/6\/2020\/08\/prociencia-300x89.png 300w, https:\/\/inv.ucsa-ct.edu.py\/gicts\/wp-content\/uploads\/sites\/6\/2020\/08\/prociencia-768x228.png 768w\" sizes=\"(max-width: 900px) 100vw, 900px\" \/>\t\t\t\t\t\t\t\t\t\t\t\t\t\t\t<\/div>\n\t\t\t\t<\/div>\n\t\t\t\t\t<\/div>\n\t\t<\/div>\n\t\t\t\t<div class=\"elementor-column elementor-col-25 elementor-top-column elementor-element elementor-element-8d5b02f\" data-id=\"8d5b02f\" data-element_type=\"column\">\n\t\t\t<div class=\"elementor-widget-wrap elementor-element-populated\">\n\t\t\t\t\t\t<div class=\"elementor-element elementor-element-9cd682b elementor-widget elementor-widget-image\" data-id=\"9cd682b\" data-element_type=\"widget\" data-widget_type=\"image.default\">\n\t\t\t\t<div class=\"elementor-widget-container\">\n\t\t\t\t\t\t\t\t\t\t\t\t\t\t\t<img decoding=\"async\" width=\"300\" height=\"105\" src=\"https:\/\/inv.ucsa-ct.edu.py\/gicts\/wp-content\/uploads\/sites\/6\/2020\/08\/logo-ucsa.png\" class=\"attachment-large size-large wp-image-16\" alt=\"\" \/>\t\t\t\t\t\t\t\t\t\t\t\t\t\t\t<\/div>\n\t\t\t\t<\/div>\n\t\t\t\t\t<\/div>\n\t\t<\/div>\n\t\t\t\t<div class=\"elementor-column elementor-col-25 elementor-top-column elementor-element elementor-element-2b1963f\" data-id=\"2b1963f\" data-element_type=\"column\">\n\t\t\t<div class=\"elementor-widget-wrap elementor-element-populated\">\n\t\t\t\t\t\t<div class=\"elementor-element elementor-element-c1665ba elementor-widget elementor-widget-image\" data-id=\"c1665ba\" data-element_type=\"widget\" data-widget_type=\"image.default\">\n\t\t\t\t<div class=\"elementor-widget-container\">\n\t\t\t\t\t\t\t\t\t\t\t\t\t\t\t<img loading=\"lazy\" decoding=\"async\" width=\"300\" height=\"105\" src=\"https:\/\/inv.ucsa-ct.edu.py\/gicts\/wp-content\/uploads\/sites\/6\/2020\/09\/Logo-FEEI-v2.jpg\" class=\"attachment-large size-large wp-image-325\" alt=\"\" \/>\t\t\t\t\t\t\t\t\t\t\t\t\t\t\t<\/div>\n\t\t\t\t<\/div>\n\t\t\t\t\t<\/div>\n\t\t<\/div>\n\t\t\t\t\t<\/div>\n\t\t<\/section>\n\t\t\t\t<section class=\"elementor-section elementor-top-section elementor-element elementor-element-b583b30 elementor-section-boxed elementor-section-height-default elementor-section-height-default\" data-id=\"b583b30\" data-element_type=\"section\">\n\t\t\t\t\t\t<div class=\"elementor-container elementor-column-gap-default\">\n\t\t\t\t\t<div class=\"elementor-column elementor-col-100 elementor-top-column elementor-element elementor-element-21a8f6c\" data-id=\"21a8f6c\" data-element_type=\"column\">\n\t\t\t<div class=\"elementor-widget-wrap elementor-element-populated\">\n\t\t\t\t\t\t<div class=\"elementor-element elementor-element-01475b1 elementor-widget elementor-widget-heading\" data-id=\"01475b1\" data-element_type=\"widget\" data-widget_type=\"heading.default\">\n\t\t\t\t<div class=\"elementor-widget-container\">\n\t\t\t\t\t<h4 class=\"elementor-heading-title elementor-size-default\">Publicaciones<\/h4>\t\t\t\t<\/div>\n\t\t\t\t<\/div>\n\t\t\t\t\t<\/div>\n\t\t<\/div>\n\t\t\t\t\t<\/div>\n\t\t<\/section>\n\t\t\t\t<section class=\"elementor-section elementor-inner-section elementor-element elementor-element-1f201ad elementor-section-content-middle elementor-section-full_width elementor-section-height-default elementor-section-height-default\" data-id=\"1f201ad\" data-element_type=\"section\">\n\t\t\t\t\t\t<div class=\"elementor-container elementor-column-gap-default\">\n\t\t\t\t\t<div class=\"elementor-column elementor-col-50 elementor-inner-column elementor-element elementor-element-7271bb1\" data-id=\"7271bb1\" data-element_type=\"column\">\n\t\t\t<div class=\"elementor-widget-wrap elementor-element-populated\">\n\t\t\t\t\t\t<div class=\"elementor-element elementor-element-9f7ffbe elementor-shape-circle elementor-grid-0 e-grid-align-center elementor-widget elementor-widget-social-icons\" data-id=\"9f7ffbe\" data-element_type=\"widget\" data-widget_type=\"social-icons.default\">\n\t\t\t\t<div class=\"elementor-widget-container\">\n\t\t\t\t\t\t\t<div class=\"elementor-social-icons-wrapper elementor-grid\">\n\t\t\t\t\t\t\t<span class=\"elementor-grid-item\">\n\t\t\t\t\t<a class=\"elementor-icon elementor-social-icon elementor-social-icon-file-pdf elementor-animation-grow elementor-repeater-item-1971d40\" href=\"https:\/\/inv.ucsa-ct.edu.py\/gicts\/wp-content\/uploads\/sites\/6\/2020\/08\/informe-final.pdf\" target=\"_blank\" rel=\"nofollow\">\n\t\t\t\t\t\t<span class=\"elementor-screen-only\">File-pdf<\/span>\n\t\t\t\t\t\t<i class=\"fas fa-file-pdf\"><\/i>\t\t\t\t\t<\/a>\n\t\t\t\t<\/span>\n\t\t\t\t\t<\/div>\n\t\t\t\t\t\t<\/div>\n\t\t\t\t<\/div>\n\t\t\t\t\t<\/div>\n\t\t<\/div>\n\t\t\t\t<div class=\"elementor-column elementor-col-50 elementor-inner-column elementor-element elementor-element-1ed13de\" data-id=\"1ed13de\" data-element_type=\"column\">\n\t\t\t<div class=\"elementor-widget-wrap elementor-element-populated\">\n\t\t\t\t\t\t<div class=\"elementor-element elementor-element-c5d0728 elementor-widget elementor-widget-heading\" data-id=\"c5d0728\" data-element_type=\"widget\" data-widget_type=\"heading.default\">\n\t\t\t\t<div class=\"elementor-widget-container\">\n\t\t\t\t\t<h2 class=\"elementor-heading-title elementor-size-default\"><a href=\"https:\/\/inv.ucsa-ct.edu.py\/gicts\/wp-content\/uploads\/sites\/6\/2020\/08\/informe-final.pdf\" target=\"_blank\" rel=\"nofollow\">Informe final - Libro<\/a><\/h2>\t\t\t\t<\/div>\n\t\t\t\t<\/div>\n\t\t\t\t\t<\/div>\n\t\t<\/div>\n\t\t\t\t\t<\/div>\n\t\t<\/section>\n\t\t\t\t<section class=\"elementor-section elementor-inner-section elementor-element elementor-element-3f64834 elementor-section-content-middle elementor-section-full_width elementor-section-height-default elementor-section-height-default\" data-id=\"3f64834\" data-element_type=\"section\">\n\t\t\t\t\t\t<div class=\"elementor-container elementor-column-gap-default\">\n\t\t\t\t\t<div class=\"elementor-column elementor-col-50 elementor-inner-column elementor-element elementor-element-7d275b8\" data-id=\"7d275b8\" data-element_type=\"column\">\n\t\t\t<div class=\"elementor-widget-wrap elementor-element-populated\">\n\t\t\t\t\t\t<div class=\"elementor-element elementor-element-040b9c8 elementor-shape-circle elementor-grid-0 e-grid-align-center elementor-widget elementor-widget-social-icons\" data-id=\"040b9c8\" data-element_type=\"widget\" data-widget_type=\"social-icons.default\">\n\t\t\t\t<div class=\"elementor-widget-container\">\n\t\t\t\t\t\t\t<div class=\"elementor-social-icons-wrapper elementor-grid\">\n\t\t\t\t\t\t\t<span class=\"elementor-grid-item\">\n\t\t\t\t\t<a class=\"elementor-icon elementor-social-icon elementor-social-icon-file-pdf elementor-animation-grow elementor-repeater-item-1971d40\" href=\"https:\/\/www.columbia.edu.py\/investigacion\/ojs\/index.php\/OMNESUCPY\/article\/view\/16\" target=\"_blank\" rel=\"nofollow\">\n\t\t\t\t\t\t<span class=\"elementor-screen-only\">File-pdf<\/span>\n\t\t\t\t\t\t<i class=\"fas fa-file-pdf\"><\/i>\t\t\t\t\t<\/a>\n\t\t\t\t<\/span>\n\t\t\t\t\t<\/div>\n\t\t\t\t\t\t<\/div>\n\t\t\t\t<\/div>\n\t\t\t\t\t<\/div>\n\t\t<\/div>\n\t\t\t\t<div class=\"elementor-column elementor-col-50 elementor-inner-column elementor-element elementor-element-f747211\" data-id=\"f747211\" data-element_type=\"column\">\n\t\t\t<div class=\"elementor-widget-wrap elementor-element-populated\">\n\t\t\t\t\t\t<div class=\"elementor-element elementor-element-62efdd2 elementor-widget elementor-widget-heading\" data-id=\"62efdd2\" data-element_type=\"widget\" data-widget_type=\"heading.default\">\n\t\t\t\t<div class=\"elementor-widget-container\">\n\t\t\t\t\t<h2 class=\"elementor-heading-title elementor-size-default\"><a href=\"https:\/\/www.columbia.edu.py\/investigacion\/ojs\/index.php\/OMNESUCPY\/article\/view\/16\" target=\"_blank\" rel=\"nofollow\">Universidad Columbia Revista Cient\u00edfica OMNES\u200b<\/a><\/h2>\t\t\t\t<\/div>\n\t\t\t\t<\/div>\n\t\t\t\t\t<\/div>\n\t\t<\/div>\n\t\t\t\t\t<\/div>\n\t\t<\/section>\n\t\t\t\t<\/div>\n\t\t","protected":false},"excerpt":{"rendered":"<p>Grupo de Investigaci\u00f3n en Ciencia, Tecnolog\u00eda y Sociedad. M\u00e9todos de conservaci\u00f3n de alimentos. GICTS Publicaciones File-pdf Informe final &#8211; Libro File-pdf Universidad Columbia Revista Cient\u00edfica OMNES\u200b<\/p>\n","protected":false},"author":3,"featured_media":0,"parent":0,"menu_order":0,"comment_status":"closed","ping_status":"closed","template":"elementor_header_footer","meta":{"footnotes":""},"class_list":["post-14","page","type-page","status-publish","hentry"],"_links":{"self":[{"href":"https:\/\/inv.ucsa-ct.edu.py\/gicts\/wp-json\/wp\/v2\/pages\/14","targetHints":{"allow":["GET"]}}],"collection":[{"href":"https:\/\/inv.ucsa-ct.edu.py\/gicts\/wp-json\/wp\/v2\/pages"}],"about":[{"href":"https:\/\/inv.ucsa-ct.edu.py\/gicts\/wp-json\/wp\/v2\/types\/page"}],"author":[{"embeddable":true,"href":"https:\/\/inv.ucsa-ct.edu.py\/gicts\/wp-json\/wp\/v2\/users\/3"}],"replies":[{"embeddable":true,"href":"https:\/\/inv.ucsa-ct.edu.py\/gicts\/wp-json\/wp\/v2\/comments?post=14"}],"version-history":[{"count":10,"href":"https:\/\/inv.ucsa-ct.edu.py\/gicts\/wp-json\/wp\/v2\/pages\/14\/revisions"}],"predecessor-version":[{"id":488,"href":"https:\/\/inv.ucsa-ct.edu.py\/gicts\/wp-json\/wp\/v2\/pages\/14\/revisions\/488"}],"wp:attachment":[{"href":"https:\/\/inv.ucsa-ct.edu.py\/gicts\/wp-json\/wp\/v2\/media?parent=14"}],"curies":[{"name":"wp","href":"https:\/\/api.w.org\/{rel}","templated":true}]}}