{"id":7,"date":"2019-09-12T02:02:58","date_gmt":"2019-09-12T00:02:58","guid":{"rendered":"https:\/\/inv.ucsa-ct.edu.py\/geidise\/?page_id=7"},"modified":"2020-10-26T21:05:30","modified_gmt":"2020-10-27T00:05:30","slug":"investigadores","status":"publish","type":"page","link":"https:\/\/inv.ucsa-ct.edu.py\/geidise\/investigadores\/","title":{"rendered":"investigadores"},"content":{"rendered":"\t\t<div data-elementor-type=\"wp-page\" data-elementor-id=\"7\" class=\"elementor elementor-7\">\n\t\t\t\t\t\t<section class=\"elementor-section elementor-top-section elementor-element elementor-element-2419276d elementor-section-full_width elementor-section-stretched elementor-section-height-default elementor-section-height-default\" data-id=\"2419276d\" data-element_type=\"section\" data-settings=\"{&quot;background_background&quot;:&quot;classic&quot;,&quot;stretch_section&quot;:&quot;section-stretched&quot;}\">\n\t\t\t\t\t\t<div class=\"elementor-container elementor-column-gap-default\">\n\t\t\t\t\t<header class=\"elementor-column elementor-col-100 elementor-top-column elementor-element elementor-element-301801db\" data-id=\"301801db\" data-element_type=\"column\">\n\t\t\t<div class=\"elementor-widget-wrap elementor-element-populated\">\n\t\t\t\t\t\t<div class=\"elementor-element elementor-element-690a89b6 elementor-widget elementor-widget-heading\" data-id=\"690a89b6\" data-element_type=\"widget\" data-widget_type=\"heading.default\">\n\t\t\t\t<div class=\"elementor-widget-container\">\n\t\t\t\t\t<h1 class=\"elementor-heading-title elementor-size-large\">Grupo de Estudios de Investigaci\u00f3n, Desarrollo e Innovaci\u00f3n de Sistemas El\u00e9ctricos<\/h1>\t\t\t\t<\/div>\n\t\t\t\t<\/div>\n\t\t\t\t\t<\/div>\n\t\t<\/header>\n\t\t\t\t\t<\/div>\n\t\t<\/section>\n\t\t\t\t<section class=\"elementor-section elementor-top-section elementor-element elementor-element-7c8dfad7 elementor-section-full_width elementor-section-stretched elementor-section-height-default elementor-section-height-default\" data-id=\"7c8dfad7\" data-element_type=\"section\" data-settings=\"{&quot;background_background&quot;:&quot;classic&quot;,&quot;stretch_section&quot;:&quot;section-stretched&quot;}\">\n\t\t\t\t\t\t<div class=\"elementor-container elementor-column-gap-default\">\n\t\t\t\t\t<div class=\"elementor-column elementor-col-25 elementor-top-column elementor-element elementor-element-91c9114\" data-id=\"91c9114\" data-element_type=\"column\">\n\t\t\t<div class=\"elementor-widget-wrap elementor-element-populated\">\n\t\t\t\t\t\t<div class=\"elementor-element elementor-element-70271f87 elementor-widget elementor-widget-image\" data-id=\"70271f87\" data-element_type=\"widget\" data-widget_type=\"image.default\">\n\t\t\t\t<div class=\"elementor-widget-container\">\n\t\t\t\t\t\t\t\t\t\t\t\t\t\t\t<img fetchpriority=\"high\" decoding=\"async\" width=\"900\" height=\"257\" src=\"https:\/\/inv.ucsa-ct.edu.py\/geidise\/wp-content\/uploads\/sites\/4\/2019\/09\/conacyt-1024x292.png\" class=\"attachment-large size-large wp-image-33\" alt=\"\" srcset=\"https:\/\/inv.ucsa-ct.edu.py\/geidise\/wp-content\/uploads\/sites\/4\/2019\/09\/conacyt.png 1024w, https:\/\/inv.ucsa-ct.edu.py\/geidise\/wp-content\/uploads\/sites\/4\/2019\/09\/conacyt-300x86.png 300w, https:\/\/inv.ucsa-ct.edu.py\/geidise\/wp-content\/uploads\/sites\/4\/2019\/09\/conacyt-768x219.png 768w\" sizes=\"(max-width: 900px) 100vw, 900px\" \/>\t\t\t\t\t\t\t\t\t\t\t\t\t\t\t<\/div>\n\t\t\t\t<\/div>\n\t\t\t\t\t<\/div>\n\t\t<\/div>\n\t\t\t\t<div class=\"elementor-column elementor-col-25 elementor-top-column elementor-element elementor-element-6cbda41f\" data-id=\"6cbda41f\" data-element_type=\"column\">\n\t\t\t<div class=\"elementor-widget-wrap elementor-element-populated\">\n\t\t\t\t\t\t<div class=\"elementor-element elementor-element-385e9275 elementor-widget elementor-widget-image\" data-id=\"385e9275\" data-element_type=\"widget\" data-widget_type=\"image.default\">\n\t\t\t\t<div class=\"elementor-widget-container\">\n\t\t\t\t\t\t\t\t\t\t\t\t\t\t\t<img decoding=\"async\" width=\"900\" height=\"267\" src=\"https:\/\/inv.ucsa-ct.edu.py\/geidise\/wp-content\/uploads\/sites\/4\/2019\/09\/prociencia-1024x304.jpeg\" class=\"attachment-large size-large wp-image-34\" alt=\"\" srcset=\"https:\/\/inv.ucsa-ct.edu.py\/geidise\/wp-content\/uploads\/sites\/4\/2019\/09\/prociencia.jpeg 1024w, https:\/\/inv.ucsa-ct.edu.py\/geidise\/wp-content\/uploads\/sites\/4\/2019\/09\/prociencia-300x89.jpeg 300w, https:\/\/inv.ucsa-ct.edu.py\/geidise\/wp-content\/uploads\/sites\/4\/2019\/09\/prociencia-768x228.jpeg 768w\" sizes=\"(max-width: 900px) 100vw, 900px\" \/>\t\t\t\t\t\t\t\t\t\t\t\t\t\t\t<\/div>\n\t\t\t\t<\/div>\n\t\t\t\t\t<\/div>\n\t\t<\/div>\n\t\t\t\t<div class=\"elementor-column elementor-col-25 elementor-top-column elementor-element elementor-element-23bf3d82\" data-id=\"23bf3d82\" data-element_type=\"column\">\n\t\t\t<div class=\"elementor-widget-wrap elementor-element-populated\">\n\t\t\t\t\t\t<div class=\"elementor-element elementor-element-d67e461 elementor-widget elementor-widget-image\" data-id=\"d67e461\" data-element_type=\"widget\" data-widget_type=\"image.default\">\n\t\t\t\t<div class=\"elementor-widget-container\">\n\t\t\t\t\t\t\t\t\t\t\t\t\t\t\t<img decoding=\"async\" width=\"300\" height=\"105\" src=\"https:\/\/inv.ucsa-ct.edu.py\/geidise\/wp-content\/uploads\/sites\/4\/2019\/09\/logo-ucsa_opt.png\" class=\"attachment-large size-large wp-image-16\" alt=\"\" \/>\t\t\t\t\t\t\t\t\t\t\t\t\t\t\t<\/div>\n\t\t\t\t<\/div>\n\t\t\t\t\t<\/div>\n\t\t<\/div>\n\t\t\t\t<div class=\"elementor-column elementor-col-25 elementor-top-column elementor-element elementor-element-f403de1\" data-id=\"f403de1\" data-element_type=\"column\">\n\t\t\t<div class=\"elementor-widget-wrap elementor-element-populated\">\n\t\t\t\t\t\t<div class=\"elementor-element elementor-element-44b8a58 elementor-widget elementor-widget-image\" data-id=\"44b8a58\" data-element_type=\"widget\" data-widget_type=\"image.default\">\n\t\t\t\t<div class=\"elementor-widget-container\">\n\t\t\t\t\t\t\t\t\t\t\t\t\t\t\t<img loading=\"lazy\" decoding=\"async\" width=\"300\" height=\"105\" src=\"https:\/\/inv.ucsa-ct.edu.py\/geidise\/wp-content\/uploads\/sites\/4\/2020\/10\/Logo-FEEI-v2.jpg\" class=\"attachment-large size-large wp-image-178\" alt=\"\" \/>\t\t\t\t\t\t\t\t\t\t\t\t\t\t\t<\/div>\n\t\t\t\t<\/div>\n\t\t\t\t\t<\/div>\n\t\t<\/div>\n\t\t\t\t\t<\/div>\n\t\t<\/section>\n\t\t\t\t<section class=\"elementor-section elementor-top-section elementor-element elementor-element-9895959 elementor-section-content-middle elementor-section-stretched elementor-section-full_width elementor-section-height-default elementor-section-height-default\" data-id=\"9895959\" data-element_type=\"section\" data-settings=\"{&quot;stretch_section&quot;:&quot;section-stretched&quot;,&quot;background_background&quot;:&quot;classic&quot;}\">\n\t\t\t\t\t\t<div class=\"elementor-container elementor-column-gap-no\">\n\t\t\t\t\t<div class=\"elementor-column elementor-col-100 elementor-top-column elementor-element elementor-element-299f4884\" data-id=\"299f4884\" data-element_type=\"column\">\n\t\t\t<div class=\"elementor-widget-wrap elementor-element-populated\">\n\t\t\t\t\t\t<div class=\"elementor-element elementor-element-236a2ab1 elementor-widget elementor-widget-heading\" data-id=\"236a2ab1\" data-element_type=\"widget\" data-widget_type=\"heading.default\">\n\t\t\t\t<div class=\"elementor-widget-container\">\n\t\t\t\t\t<h1 class=\"elementor-heading-title elementor-size-small\">Investigadores<\/h1>\t\t\t\t<\/div>\n\t\t\t\t<\/div>\n\t\t\t\t<section class=\"elementor-section elementor-inner-section elementor-element elementor-element-77401318 elementor-section-full_width elementor-section-height-default elementor-section-height-default\" data-id=\"77401318\" data-element_type=\"section\" data-settings=\"{&quot;background_background&quot;:&quot;classic&quot;}\">\n\t\t\t\t\t\t<div class=\"elementor-container elementor-column-gap-default\">\n\t\t\t\t\t<div class=\"elementor-column elementor-col-100 elementor-inner-column elementor-element elementor-element-4221d14d\" data-id=\"4221d14d\" data-element_type=\"column\">\n\t\t\t<div class=\"elementor-widget-wrap elementor-element-populated\">\n\t\t\t\t\t\t<div class=\"elementor-element elementor-element-796e456 elementor-view-default elementor-widget elementor-widget-icon\" data-id=\"796e456\" data-element_type=\"widget\" data-widget_type=\"icon.default\">\n\t\t\t\t<div class=\"elementor-widget-container\">\n\t\t\t\t\t\t\t<div class=\"elementor-icon-wrapper\">\n\t\t\t<a class=\"elementor-icon\" href=\"https:\/\/investigacion.ucsa-ct.edu.py\/empleabilidad\/wp-content\/uploads\/2019\/05\/3443190-H\u00e9ctor-Esteban-L\u00f3pez-Ayala-.pdf\" target=\"_blank\">\n\t\t\t\t\t\t\t<i class=\"fa fa-address-card-o\" aria-hidden=\"true\"><\/i>\n\t\t\t\t\t\t<\/a>\n\t\t<\/div>\n\t\t\t\t\t\t<\/div>\n\t\t\t\t<\/div>\n\t\t\t\t<div class=\"elementor-element elementor-element-791153c0 elementor-widget elementor-widget-testimonial\" data-id=\"791153c0\" data-element_type=\"widget\" data-widget_type=\"testimonial.default\">\n\t\t\t\t<div class=\"elementor-widget-container\">\n\t\t\t\t\t\t\t<div class=\"elementor-testimonial-wrapper\">\n\t\t\t\t\t\t\t<div class=\"elementor-testimonial-content\">Doctorando en Ciencias en Ingenier\u00eda El\u00e9ctrica en la Universidad Federal de Itajub\u00e1, en el \u00e1rea de Sistemas El\u00e9ctricos desde el 2018.\nMaster en Ciencias en Ingenier\u00eda El\u00e9ctrica por la Universidad Federal de Itajub\u00e1 de Minas Gerais de Brasil en 2017. \nIngeniero en Electricidad por la Universidad del Cono Sur de las Am\u00e9ricas, de Asunci\u00f3n, Paraguay en 2007.\nLicenciado en Electricidad por la Universidad Nacional de Asunci\u00f3n, de Asunci\u00f3n, Paraguay en 2004. \nSe desempe\u00f1a en \u00e1reas de Sistemas de Potencia, Transitorios Electromec\u00e1nicos y Electromagn\u00e9ticos, energ\u00edas renovables, con experiencia en otras como Estudios de Operaci\u00f3n. Investigador asociado por la Universidad del Cono Sur de las Am\u00e9ricas.\nMiembro de la Uni\u00f3n de Ingenieros de la Administraci\u00f3n Nacional de Electricidad. Miembro de la IEEE, Paraguay Section, N\u00b0 93610376.\n<\/div>\n\t\t\t\n\t\t\t\t\t\t<div class=\"elementor-testimonial-meta\">\n\t\t\t\t<div class=\"elementor-testimonial-meta-inner\">\n\t\t\t\t\t\n\t\t\t\t\t\t\t\t\t\t<div class=\"elementor-testimonial-details\">\n\t\t\t\t\t\t\t\t\t\t\t\t\t\t<a class=\"elementor-testimonial-name\" href=\"https:\/\/inv.ucsa-ct.edu.py\/geidise\/wp-content\/uploads\/sites\/4\/2019\/09\/2287374-Rodney-Damian-Fari\u00f1a-Mart\u00ednez.pdf\" target=\"_blank\">Rodney Dami\u00e1n Fari\u00f1a Mart\u00ednez <\/a>\n\t\t\t\t\t\t\t\t\t\t\t\t\t\t\t\t\t\t\t<\/div>\n\t\t\t\t\t\t\t\t\t<\/div>\n\t\t\t<\/div>\n\t\t\t\t\t<\/div>\n\t\t\t\t\t\t<\/div>\n\t\t\t\t<\/div>\n\t\t\t\t\t<\/div>\n\t\t<\/div>\n\t\t\t\t\t<\/div>\n\t\t<\/section>\n\t\t\t\t<section class=\"elementor-section elementor-inner-section elementor-element elementor-element-380f8213 elementor-section-full_width elementor-section-height-default elementor-section-height-default\" data-id=\"380f8213\" data-element_type=\"section\">\n\t\t\t\t\t\t<div class=\"elementor-container elementor-column-gap-default\">\n\t\t\t\t\t<div class=\"elementor-column elementor-col-100 elementor-inner-column elementor-element elementor-element-1804a32a\" data-id=\"1804a32a\" data-element_type=\"column\">\n\t\t\t<div class=\"elementor-widget-wrap elementor-element-populated\">\n\t\t\t\t\t\t<div class=\"elementor-element elementor-element-d385cb6 elementor-view-default elementor-widget elementor-widget-icon\" data-id=\"d385cb6\" data-element_type=\"widget\" data-widget_type=\"icon.default\">\n\t\t\t\t<div class=\"elementor-widget-container\">\n\t\t\t\t\t\t\t<div class=\"elementor-icon-wrapper\">\n\t\t\t<a class=\"elementor-icon\" href=\"https:\/\/investigacion.ucsa-ct.edu.py\/empleabilidad\/wp-content\/uploads\/2019\/05\/3443190-H\u00e9ctor-Esteban-L\u00f3pez-Ayala-.pdf\" target=\"_blank\">\n\t\t\t\t\t\t\t<i class=\"fa fa-address-card-o\" aria-hidden=\"true\"><\/i>\n\t\t\t\t\t\t<\/a>\n\t\t<\/div>\n\t\t\t\t\t\t<\/div>\n\t\t\t\t<\/div>\n\t\t\t\t<div class=\"elementor-element elementor-element-3d7451eb elementor-widget elementor-widget-testimonial\" data-id=\"3d7451eb\" data-element_type=\"widget\" data-widget_type=\"testimonial.default\">\n\t\t\t\t<div class=\"elementor-widget-container\">\n\t\t\t\t\t\t\t<div class=\"elementor-testimonial-wrapper\">\n\t\t\t\t\t\t\t<div class=\"elementor-testimonial-content\">M\u00e1ster en Ciencias en Ingenier\u00eda El\u00e9ctrica por la Universidad Federal de Itajub\u00e1, de Brasil, en 2015.\nMag\u00edster en Ingenier\u00eda Industrial por la Pontificia Universidad Cat\u00f3lica de Valpara\u00edso\/ Universidad Nacional de Asunci\u00f3n de Chile\/Paraguay en 2014. \nIngeniero Electromec\u00e1nico por la Universidad Nacional de Asunci\u00f3n, de Paraguay, en 2006. \nSe desempe\u00f1a en \u00e1reas de Sistemas de Potencia, Transitorios Electromec\u00e1nicos y Electromagn\u00e9ticos, Equipos y Sistemas Electromec\u00e1nicos, con experiencia en Estudios de Operaci\u00f3n y Planificaci\u00f3n de Sistemas de Potencia.<\/div>\n\t\t\t\n\t\t\t\t\t\t<div class=\"elementor-testimonial-meta\">\n\t\t\t\t<div class=\"elementor-testimonial-meta-inner\">\n\t\t\t\t\t\n\t\t\t\t\t\t\t\t\t\t<div class=\"elementor-testimonial-details\">\n\t\t\t\t\t\t\t\t\t\t\t\t\t\t<a class=\"elementor-testimonial-name\" href=\"https:\/\/inv.ucsa-ct.edu.py\/geidise\/wp-content\/uploads\/sites\/4\/2019\/09\/2494433-Oscar-Alberto-Barboza-Gim\u00e9nez.pdf\" target=\"_blank\">Oscar Alberto Barboza Gim\u00e9nez<\/a>\n\t\t\t\t\t\t\t\t\t\t\t\t\t\t\t\t\t\t\t<\/div>\n\t\t\t\t\t\t\t\t\t<\/div>\n\t\t\t<\/div>\n\t\t\t\t\t<\/div>\n\t\t\t\t\t\t<\/div>\n\t\t\t\t<\/div>\n\t\t\t\t\t<\/div>\n\t\t<\/div>\n\t\t\t\t\t<\/div>\n\t\t<\/section>\n\t\t\t\t<section class=\"elementor-section elementor-inner-section elementor-element elementor-element-e108307 elementor-section-full_width elementor-section-height-default elementor-section-height-default\" data-id=\"e108307\" data-element_type=\"section\">\n\t\t\t\t\t\t<div class=\"elementor-container elementor-column-gap-default\">\n\t\t\t\t\t<div class=\"elementor-column elementor-col-100 elementor-inner-column elementor-element elementor-element-42b89c6a\" data-id=\"42b89c6a\" data-element_type=\"column\">\n\t\t\t<div class=\"elementor-widget-wrap elementor-element-populated\">\n\t\t\t\t\t\t<div class=\"elementor-element elementor-element-4c667e4 elementor-view-default elementor-widget elementor-widget-icon\" data-id=\"4c667e4\" data-element_type=\"widget\" data-widget_type=\"icon.default\">\n\t\t\t\t<div class=\"elementor-widget-container\">\n\t\t\t\t\t\t\t<div class=\"elementor-icon-wrapper\">\n\t\t\t<div class=\"elementor-icon\">\n\t\t\t\t\t\t\t<i class=\"fa fa-address-card-o\" aria-hidden=\"true\"><\/i>\n\t\t\t\t\t\t<\/div>\n\t\t<\/div>\n\t\t\t\t\t\t<\/div>\n\t\t\t\t<\/div>\n\t\t\t\t<div class=\"elementor-element elementor-element-37d01e64 elementor-widget elementor-widget-testimonial\" data-id=\"37d01e64\" data-element_type=\"widget\" data-widget_type=\"testimonial.default\">\n\t\t\t\t<div class=\"elementor-widget-container\">\n\t\t\t\t\t\t\t<div class=\"elementor-testimonial-wrapper\">\n\t\t\t\t\t\t\t<div class=\"elementor-testimonial-content\">Post Grado \u201cEspecialista en Sistemas El\u00e9ctricos\u201d.\nInstituci\u00f3n: Universidade Federal de Itajub\u00e1 (UNIFEI)\/ Funda\u00e7\u00e3o de Pesquisa e Assessoramento a Ind\u00fastria (FUPAI)\nItajub\u00e1- MG, Brasil\/ 2004.\nRepresentante de la ANDE. Grupo GE-01- Estudios de Control de Carga y Frecuencia y Reserva de Potencia Operativa. Comisi\u00f3n Mixta de Operaci\u00f3n.\nJefe de Secci\u00f3n Estudios de Operaci\u00f3n El\u00e9ctrica\/ Dpto. de Estudios El\u00e9ctricos\/ ANDE.\nIntegrante del Comit\u00e9 T\u00e9cnico. Seminario del Sector El\u00e9ctrico Paraguayo\u00ae. CIGRE- UIA\nProfesor de Protecciones de Sistemas El\u00e9ctricos (Ingenier\u00eda El\u00e9ctrica). Universidad del Cono Sur de las Am\u00e9ricas. A\u00f1os 2005- 2006- 2007-2008-2009-2010-2011-2012\n<\/div>\n\t\t\t\n\t\t\t\t\t\t<div class=\"elementor-testimonial-meta\">\n\t\t\t\t<div class=\"elementor-testimonial-meta-inner\">\n\t\t\t\t\t\n\t\t\t\t\t\t\t\t\t\t<div class=\"elementor-testimonial-details\">\n\t\t\t\t\t\t\t\t\t\t\t\t\t\t<a class=\"elementor-testimonial-name\" href=\"https:\/\/inv.ucsa-ct.edu.py\/geidise\/wp-content\/uploads\/sites\/4\/2019\/09\/CV-Ing.-Elisandro-Esteban-Rodr\u00edguez.pdf\" target=\"_blank\" rel=\"nofollow\">Elisandro Esteban Rodr\u00edguez Buzarquis<\/a>\n\t\t\t\t\t\t\t\t\t\t\t\t\t\t\t\t\t\t\t<\/div>\n\t\t\t\t\t\t\t\t\t<\/div>\n\t\t\t<\/div>\n\t\t\t\t\t<\/div>\n\t\t\t\t\t\t<\/div>\n\t\t\t\t<\/div>\n\t\t\t\t\t<\/div>\n\t\t<\/div>\n\t\t\t\t\t<\/div>\n\t\t<\/section>\n\t\t\t\t<section class=\"elementor-section elementor-inner-section elementor-element elementor-element-2953db7 elementor-section-full_width elementor-section-height-default elementor-section-height-default\" data-id=\"2953db7\" data-element_type=\"section\">\n\t\t\t\t\t\t<div class=\"elementor-container elementor-column-gap-default\">\n\t\t\t\t\t<div class=\"elementor-column elementor-col-100 elementor-inner-column elementor-element elementor-element-2bba95df\" data-id=\"2bba95df\" data-element_type=\"column\">\n\t\t\t<div class=\"elementor-widget-wrap elementor-element-populated\">\n\t\t\t\t\t\t<div class=\"elementor-element elementor-element-19225152 elementor-view-default elementor-widget elementor-widget-icon\" data-id=\"19225152\" data-element_type=\"widget\" data-widget_type=\"icon.default\">\n\t\t\t\t<div class=\"elementor-widget-container\">\n\t\t\t\t\t\t\t<div class=\"elementor-icon-wrapper\">\n\t\t\t<div class=\"elementor-icon\">\n\t\t\t\t\t\t\t<i class=\"fa fa-address-card-o\" aria-hidden=\"true\"><\/i>\n\t\t\t\t\t\t<\/div>\n\t\t<\/div>\n\t\t\t\t\t\t<\/div>\n\t\t\t\t<\/div>\n\t\t\t\t<div class=\"elementor-element elementor-element-233394ab elementor-widget elementor-widget-testimonial\" data-id=\"233394ab\" data-element_type=\"widget\" data-widget_type=\"testimonial.default\">\n\t\t\t\t<div class=\"elementor-widget-container\">\n\t\t\t\t\t\t\t<div class=\"elementor-testimonial-wrapper\">\n\t\t\t\t\t\t\t<div class=\"elementor-testimonial-content\">Master en Ingenier\u00eda El\u00e9ctrica \nInstituci\u00f3n: Universidad Nacional del Este \nCiudad del Este, Paraguay (Cursando actualmente).\nOperaci\u00f3n y Control de Estaciones y Subestaciones dependientes del Departamento de Transmisi\u00f3n Metropolitana y Bajo Chaco de la Divisi\u00f3n de Transmisi\u00f3n de la ANDE.\nInvestigadora asociada al Grupo de Estudios de Investigaci\u00f3n e Innovaci\u00f3n de Sistemas El\u00e9ctricos (GEDIISE) de la Universidad del Cono Sur de las Am\u00e9ricas.\nVoluntaria en la IEEE WIE UCSA Affinity Group, Women in Engineering o Mujeres en Ingenier\u00eda.\n\n<\/div>\n\t\t\t\n\t\t\t\t\t\t<div class=\"elementor-testimonial-meta\">\n\t\t\t\t<div class=\"elementor-testimonial-meta-inner\">\n\t\t\t\t\t\n\t\t\t\t\t\t\t\t\t\t<div class=\"elementor-testimonial-details\">\n\t\t\t\t\t\t\t\t\t\t\t\t\t\t<div class=\"elementor-testimonial-name\">Liz Eda Delgado Alcaraz<\/div>\n\t\t\t\t\t\t\t\t\t\t\t\t\t\t\t\t\t\t\t<\/div>\n\t\t\t\t\t\t\t\t\t<\/div>\n\t\t\t<\/div>\n\t\t\t\t\t<\/div>\n\t\t\t\t\t\t<\/div>\n\t\t\t\t<\/div>\n\t\t\t\t\t<\/div>\n\t\t<\/div>\n\t\t\t\t\t<\/div>\n\t\t<\/section>\n\t\t\t\t\t<\/div>\n\t\t<\/div>\n\t\t\t\t\t<\/div>\n\t\t<\/section>\n\t\t\t\t<\/div>\n\t\t","protected":false},"excerpt":{"rendered":"<p>Grupo de Estudios de Investigaci\u00f3n, Desarrollo e Innovaci\u00f3n de Sistemas El\u00e9ctricos Investigadores Doctorando en Ciencias en Ingenier\u00eda El\u00e9ctrica en la Universidad Federal de Itajub\u00e1, en el \u00e1rea de Sistemas El\u00e9ctricos desde el 2018. Master en Ciencias en Ingenier\u00eda El\u00e9ctrica por la Universidad Federal de Itajub\u00e1 de Minas Gerais de Brasil en 2017. Ingeniero en Electricidad [&hellip;]<\/p>\n","protected":false},"author":1,"featured_media":0,"parent":0,"menu_order":0,"comment_status":"closed","ping_status":"closed","template":"elementor_header_footer","meta":{"footnotes":""},"class_list":["post-7","page","type-page","status-publish","hentry"],"_links":{"self":[{"href":"https:\/\/inv.ucsa-ct.edu.py\/geidise\/wp-json\/wp\/v2\/pages\/7","targetHints":{"allow":["GET"]}}],"collection":[{"href":"https:\/\/inv.ucsa-ct.edu.py\/geidise\/wp-json\/wp\/v2\/pages"}],"about":[{"href":"https:\/\/inv.ucsa-ct.edu.py\/geidise\/wp-json\/wp\/v2\/types\/page"}],"author":[{"embeddable":true,"href":"https:\/\/inv.ucsa-ct.edu.py\/geidise\/wp-json\/wp\/v2\/users\/1"}],"replies":[{"embeddable":true,"href":"https:\/\/inv.ucsa-ct.edu.py\/geidise\/wp-json\/wp\/v2\/comments?post=7"}],"version-history":[{"count":15,"href":"https:\/\/inv.ucsa-ct.edu.py\/geidise\/wp-json\/wp\/v2\/pages\/7\/revisions"}],"predecessor-version":[{"id":182,"href":"https:\/\/inv.ucsa-ct.edu.py\/geidise\/wp-json\/wp\/v2\/pages\/7\/revisions\/182"}],"wp:attachment":[{"href":"https:\/\/inv.ucsa-ct.edu.py\/geidise\/wp-json\/wp\/v2\/media?parent=7"}],"curies":[{"name":"wp","href":"https:\/\/api.w.org\/{rel}","templated":true}]}}