{"id":5,"date":"2019-09-12T02:02:39","date_gmt":"2019-09-12T00:02:39","guid":{"rendered":"https:\/\/inv.ucsa-ct.edu.py\/geidise\/?page_id=5"},"modified":"2020-10-26T20:59:48","modified_gmt":"2020-10-26T23:59:48","slug":"home","status":"publish","type":"page","link":"https:\/\/inv.ucsa-ct.edu.py\/geidise\/","title":{"rendered":"home"},"content":{"rendered":"\t\t<div data-elementor-type=\"wp-page\" data-elementor-id=\"5\" class=\"elementor elementor-5\">\n\t\t\t\t\t\t<section class=\"elementor-section elementor-top-section elementor-element elementor-element-5d3e9096 elementor-section-full_width elementor-section-stretched elementor-section-height-default elementor-section-height-default\" data-id=\"5d3e9096\" data-element_type=\"section\" data-settings=\"{&quot;background_background&quot;:&quot;classic&quot;,&quot;stretch_section&quot;:&quot;section-stretched&quot;}\">\n\t\t\t\t\t\t<div class=\"elementor-container elementor-column-gap-default\">\n\t\t\t\t\t<header class=\"elementor-column elementor-col-100 elementor-top-column elementor-element elementor-element-2878226d\" data-id=\"2878226d\" data-element_type=\"column\">\n\t\t\t<div class=\"elementor-widget-wrap elementor-element-populated\">\n\t\t\t\t\t\t<div class=\"elementor-element elementor-element-15d328fd elementor-widget elementor-widget-heading\" data-id=\"15d328fd\" data-element_type=\"widget\" data-widget_type=\"heading.default\">\n\t\t\t\t<div class=\"elementor-widget-container\">\n\t\t\t\t\t<h1 class=\"elementor-heading-title elementor-size-large\">Grupo de Estudios de Investigaci\u00f3n, Desarrollo e Innovaci\u00f3n de Sistemas El\u00e9ctricos<\/h1>\t\t\t\t<\/div>\n\t\t\t\t<\/div>\n\t\t\t\t\t<\/div>\n\t\t<\/header>\n\t\t\t\t\t<\/div>\n\t\t<\/section>\n\t\t\t\t<section class=\"elementor-section elementor-top-section elementor-element elementor-element-66fbd3d6 elementor-section-full_width elementor-section-stretched elementor-section-height-default elementor-section-height-default\" data-id=\"66fbd3d6\" data-element_type=\"section\" data-settings=\"{&quot;background_background&quot;:&quot;classic&quot;,&quot;stretch_section&quot;:&quot;section-stretched&quot;}\">\n\t\t\t\t\t\t<div class=\"elementor-container elementor-column-gap-default\">\n\t\t\t\t\t<div class=\"elementor-column elementor-col-25 elementor-top-column elementor-element elementor-element-18105df9\" data-id=\"18105df9\" data-element_type=\"column\">\n\t\t\t<div class=\"elementor-widget-wrap elementor-element-populated\">\n\t\t\t\t\t\t<div class=\"elementor-element elementor-element-5251f0dd elementor-widget elementor-widget-image\" data-id=\"5251f0dd\" data-element_type=\"widget\" data-widget_type=\"image.default\">\n\t\t\t\t<div class=\"elementor-widget-container\">\n\t\t\t\t\t\t\t\t\t\t\t\t\t\t\t<img fetchpriority=\"high\" decoding=\"async\" width=\"900\" height=\"257\" src=\"https:\/\/inv.ucsa-ct.edu.py\/geidise\/wp-content\/uploads\/sites\/4\/2019\/09\/conacyt-1024x292.png\" class=\"attachment-large size-large wp-image-33\" alt=\"\" srcset=\"https:\/\/inv.ucsa-ct.edu.py\/geidise\/wp-content\/uploads\/sites\/4\/2019\/09\/conacyt.png 1024w, https:\/\/inv.ucsa-ct.edu.py\/geidise\/wp-content\/uploads\/sites\/4\/2019\/09\/conacyt-300x86.png 300w, https:\/\/inv.ucsa-ct.edu.py\/geidise\/wp-content\/uploads\/sites\/4\/2019\/09\/conacyt-768x219.png 768w\" sizes=\"(max-width: 900px) 100vw, 900px\" \/>\t\t\t\t\t\t\t\t\t\t\t\t\t\t\t<\/div>\n\t\t\t\t<\/div>\n\t\t\t\t\t<\/div>\n\t\t<\/div>\n\t\t\t\t<div class=\"elementor-column elementor-col-25 elementor-top-column elementor-element elementor-element-69d1e3c9\" data-id=\"69d1e3c9\" data-element_type=\"column\">\n\t\t\t<div class=\"elementor-widget-wrap elementor-element-populated\">\n\t\t\t\t\t\t<div class=\"elementor-element elementor-element-15533ae elementor-widget elementor-widget-image\" data-id=\"15533ae\" data-element_type=\"widget\" data-widget_type=\"image.default\">\n\t\t\t\t<div class=\"elementor-widget-container\">\n\t\t\t\t\t\t\t\t\t\t\t\t\t\t\t<img decoding=\"async\" width=\"900\" height=\"267\" src=\"https:\/\/inv.ucsa-ct.edu.py\/geidise\/wp-content\/uploads\/sites\/4\/2019\/09\/prociencia-1024x304.jpeg\" class=\"attachment-large size-large wp-image-34\" alt=\"\" srcset=\"https:\/\/inv.ucsa-ct.edu.py\/geidise\/wp-content\/uploads\/sites\/4\/2019\/09\/prociencia.jpeg 1024w, https:\/\/inv.ucsa-ct.edu.py\/geidise\/wp-content\/uploads\/sites\/4\/2019\/09\/prociencia-300x89.jpeg 300w, https:\/\/inv.ucsa-ct.edu.py\/geidise\/wp-content\/uploads\/sites\/4\/2019\/09\/prociencia-768x228.jpeg 768w\" sizes=\"(max-width: 900px) 100vw, 900px\" \/>\t\t\t\t\t\t\t\t\t\t\t\t\t\t\t<\/div>\n\t\t\t\t<\/div>\n\t\t\t\t\t<\/div>\n\t\t<\/div>\n\t\t\t\t<div class=\"elementor-column elementor-col-25 elementor-top-column elementor-element elementor-element-65e56775\" data-id=\"65e56775\" data-element_type=\"column\">\n\t\t\t<div class=\"elementor-widget-wrap elementor-element-populated\">\n\t\t\t\t\t\t<div class=\"elementor-element elementor-element-6640552f elementor-widget elementor-widget-image\" data-id=\"6640552f\" data-element_type=\"widget\" data-widget_type=\"image.default\">\n\t\t\t\t<div class=\"elementor-widget-container\">\n\t\t\t\t\t\t\t\t\t\t\t\t\t\t\t<img decoding=\"async\" width=\"300\" height=\"105\" src=\"https:\/\/inv.ucsa-ct.edu.py\/geidise\/wp-content\/uploads\/sites\/4\/2019\/09\/logo-ucsa_opt.png\" class=\"attachment-large size-large wp-image-16\" alt=\"\" \/>\t\t\t\t\t\t\t\t\t\t\t\t\t\t\t<\/div>\n\t\t\t\t<\/div>\n\t\t\t\t\t<\/div>\n\t\t<\/div>\n\t\t\t\t<div class=\"elementor-column elementor-col-25 elementor-top-column elementor-element elementor-element-ecf7501\" data-id=\"ecf7501\" data-element_type=\"column\">\n\t\t\t<div class=\"elementor-widget-wrap elementor-element-populated\">\n\t\t\t\t\t\t<div class=\"elementor-element elementor-element-9187383 elementor-widget elementor-widget-image\" data-id=\"9187383\" data-element_type=\"widget\" data-widget_type=\"image.default\">\n\t\t\t\t<div class=\"elementor-widget-container\">\n\t\t\t\t\t\t\t\t\t\t\t\t\t\t\t<img loading=\"lazy\" decoding=\"async\" width=\"300\" height=\"105\" src=\"https:\/\/inv.ucsa-ct.edu.py\/geidise\/wp-content\/uploads\/sites\/4\/2020\/10\/Logo-FEEI-v2.jpg\" class=\"attachment-large size-large wp-image-178\" alt=\"\" \/>\t\t\t\t\t\t\t\t\t\t\t\t\t\t\t<\/div>\n\t\t\t\t<\/div>\n\t\t\t\t\t<\/div>\n\t\t<\/div>\n\t\t\t\t\t<\/div>\n\t\t<\/section>\n\t\t\t\t<section class=\"elementor-section elementor-top-section elementor-element elementor-element-330d572e elementor-reverse-mobile elementor-section-stretched elementor-section-full_width elementor-section-height-default elementor-section-height-default\" data-id=\"330d572e\" data-element_type=\"section\" data-settings=\"{&quot;background_background&quot;:&quot;classic&quot;,&quot;stretch_section&quot;:&quot;section-stretched&quot;}\">\n\t\t\t\t\t\t<div class=\"elementor-container elementor-column-gap-default\">\n\t\t\t\t\t<div class=\"elementor-column elementor-col-50 elementor-top-column elementor-element elementor-element-528ad632\" data-id=\"528ad632\" data-element_type=\"column\">\n\t\t\t<div class=\"elementor-widget-wrap elementor-element-populated\">\n\t\t\t\t\t\t<div class=\"elementor-element elementor-element-16887f40 elementor-widget elementor-widget-image\" data-id=\"16887f40\" data-element_type=\"widget\" data-widget_type=\"image.default\">\n\t\t\t\t<div class=\"elementor-widget-container\">\n\t\t\t\t\t\t\t\t\t\t\t\t\t\t\t<img loading=\"lazy\" decoding=\"async\" width=\"284\" height=\"258\" src=\"https:\/\/inv.ucsa-ct.edu.py\/geidise\/wp-content\/uploads\/sites\/4\/2019\/09\/GEIDISE.png\" class=\"attachment-full size-full wp-image-36\" alt=\"\" \/>\t\t\t\t\t\t\t\t\t\t\t\t\t\t\t<\/div>\n\t\t\t\t<\/div>\n\t\t\t\t\t<\/div>\n\t\t<\/div>\n\t\t\t\t<div class=\"elementor-column elementor-col-50 elementor-top-column elementor-element elementor-element-25ca822d\" data-id=\"25ca822d\" data-element_type=\"column\">\n\t\t\t<div class=\"elementor-widget-wrap elementor-element-populated\">\n\t\t\t\t\t\t<div class=\"elementor-element elementor-element-36bd53e1 elementor-widget elementor-widget-heading\" data-id=\"36bd53e1\" data-element_type=\"widget\" data-widget_type=\"heading.default\">\n\t\t\t\t<div class=\"elementor-widget-container\">\n\t\t\t\t\t<h2 class=\"elementor-heading-title elementor-size-default\">Prop\u00f3sito<\/h2>\t\t\t\t<\/div>\n\t\t\t\t<\/div>\n\t\t\t\t<div class=\"elementor-element elementor-element-36c1cdca elementor-widget elementor-widget-text-editor\" data-id=\"36c1cdca\" data-element_type=\"widget\" data-widget_type=\"text-editor.default\">\n\t\t\t\t<div class=\"elementor-widget-container\">\n\t\t\t\t\t\t\t\t\t<p style=\"text-align: center;\"><strong>El <em>GEIDISE\/GEDIISE <\/em>tiene como objetivo desarrollar e innovar la filis de la Ingenier\u00eda El\u00e9ctrica en el dominio de Sistemas de Potencia, Generaci\u00f3n, Transmisi\u00f3n, Distribuci\u00f3n y Comercializaci\u00f3n de la misma. A su vez, promueve el desarrollo de la Inteligencia Artificial aplicada a la Ingenier\u00eda, Protecciones y Estabilidad de Sistemas El\u00e9ctricos, y el avance en cuanto a la performance de Energ\u00edas Renovables en los Sistemas Din\u00e1micos.<\/strong><\/p>\t\t\t\t\t\t\t\t<\/div>\n\t\t\t\t<\/div>\n\t\t\t\t\t<\/div>\n\t\t<\/div>\n\t\t\t\t\t<\/div>\n\t\t<\/section>\n\t\t\t\t<section class=\"elementor-section elementor-top-section elementor-element elementor-element-15f1fcc0 elementor-section-height-min-height elementor-section-content-middle elementor-reverse-mobile elementor-section-stretched elementor-section-full_width elementor-section-height-default elementor-section-items-middle\" data-id=\"15f1fcc0\" data-element_type=\"section\" data-settings=\"{&quot;background_background&quot;:&quot;classic&quot;,&quot;stretch_section&quot;:&quot;section-stretched&quot;}\">\n\t\t\t\t\t\t<div class=\"elementor-container elementor-column-gap-no\">\n\t\t\t\t\t<div class=\"elementor-column elementor-col-50 elementor-top-column elementor-element elementor-element-1962c571\" data-id=\"1962c571\" data-element_type=\"column\">\n\t\t\t<div class=\"elementor-widget-wrap elementor-element-populated\">\n\t\t\t\t\t\t<div class=\"elementor-element elementor-element-54be27a7 elementor-absolute elementor-widget elementor-widget-image\" data-id=\"54be27a7\" data-element_type=\"widget\" data-settings=\"{&quot;_position&quot;:&quot;absolute&quot;}\" data-widget_type=\"image.default\">\n\t\t\t\t<div class=\"elementor-widget-container\">\n\t\t\t\t\t\t\t\t\t\t\t\t\t\t\t<img loading=\"lazy\" decoding=\"async\" width=\"210\" height=\"166\" src=\"https:\/\/inv.ucsa-ct.edu.py\/geidise\/wp-content\/uploads\/sites\/4\/2019\/09\/260799.jpg\" class=\"attachment-full size-full wp-image-37\" alt=\"\" \/>\t\t\t\t\t\t\t\t\t\t\t\t\t\t\t<\/div>\n\t\t\t\t<\/div>\n\t\t\t\t\t<\/div>\n\t\t<\/div>\n\t\t\t\t<div class=\"elementor-column elementor-col-50 elementor-top-column elementor-element elementor-element-2a2934b2\" data-id=\"2a2934b2\" data-element_type=\"column\">\n\t\t\t<div class=\"elementor-widget-wrap elementor-element-populated\">\n\t\t\t\t\t\t<div class=\"elementor-element elementor-element-1f63f690 elementor-widget elementor-widget-heading\" data-id=\"1f63f690\" data-element_type=\"widget\" data-widget_type=\"heading.default\">\n\t\t\t\t<div class=\"elementor-widget-container\">\n\t\t\t\t\t<h2 class=\"elementor-heading-title elementor-size-default\">\u00c1reas de Investigaci\u00f3n <\/h2>\t\t\t\t<\/div>\n\t\t\t\t<\/div>\n\t\t\t\t<div class=\"elementor-element elementor-element-2ad598f8 elementor-widget elementor-widget-text-editor\" data-id=\"2ad598f8\" data-element_type=\"widget\" data-widget_type=\"text-editor.default\">\n\t\t\t\t<div class=\"elementor-widget-container\">\n\t\t\t\t\t\t\t\t\t<ul><li>T\u00e9cnicas de inteligencia artificial (<strong><em>Redes Neurales Artificiales<\/em><\/strong>) aplicadas al campo de la Automatizaci\u00f3n de Contrataci\u00f3n Operativa de Potencia El\u00e9ctrica de las Centrales de Generaci\u00f3n.<\/li><li>Apolog\u00eda del An\u00e1lisis, Diagn\u00f3stico y Evaluaci\u00f3n de la <strong><em>Capacidad de Gesti\u00f3n de Obras de Infraestructura<\/em><\/strong> de Entes del Sector El\u00e9ctrico.<\/li><li>An\u00e1lisis de <strong><em>Estabilidad de Sistemas El\u00e9ctricos<\/em><\/strong> de Potencia con la participaci\u00f3n de herramientas de Estabilidad de Tensi\u00f3n.<\/li><li>An\u00e1lisis de <strong><em>Transitorios Electromagn\u00e9ticos<\/em><\/strong> en Sistemas El\u00e9ctricos de Potencia.<\/li><li>An\u00e1lisis de <strong><em>Transitorios Electromec\u00e1nicos<\/em><\/strong> de Sistemas Electrodin\u00e1micos.<\/li><li>Criterios de<strong><em> Ajustes y Coordinaci\u00f3n de Protecci\u00f3n <\/em><\/strong>de Sistemas El\u00e9ctricos de Potencia.<\/li><li>Estudio de proyectos de <strong><em>Optimizaci\u00f3n y Calidad de la Energ\u00eda El\u00e9ctrica<\/em><\/strong> basados en diagn\u00f3sticos energ\u00e9ticos de la red el\u00e9ctrica, para la contribuci\u00f3n al desarrollo sustentable (impacto ambiental, contaminaci\u00f3n, clima) a partir del uso racional y eficiente de la energ\u00eda el\u00e9ctricas. Propuestas a mediano y largo plazo.<\/li><li>Estudios de dise\u00f1o, implementaci\u00f3n y administraci\u00f3n del uso de la <strong>Generaci\u00f3n Alternativa<\/strong> a partir de fuentes primarias como la hidr\u00e1ulica, solar y e\u00f3lica, desde la vertiente del desarrollo humano y producci\u00f3n sustentable para el Pa\u00eds.<\/li><\/ul>\t\t\t\t\t\t\t\t<\/div>\n\t\t\t\t<\/div>\n\t\t\t\t\t<\/div>\n\t\t<\/div>\n\t\t\t\t\t<\/div>\n\t\t<\/section>\n\t\t\t\t<section class=\"elementor-section elementor-top-section elementor-element elementor-element-2761a939 elementor-section-full_width elementor-section-stretched elementor-section-height-default elementor-section-height-default\" data-id=\"2761a939\" data-element_type=\"section\" data-settings=\"{&quot;background_background&quot;:&quot;gradient&quot;,&quot;stretch_section&quot;:&quot;section-stretched&quot;}\">\n\t\t\t\t\t\t<div class=\"elementor-container elementor-column-gap-default\">\n\t\t\t\t\t<div class=\"elementor-column elementor-col-100 elementor-top-column elementor-element elementor-element-6a3c598b\" data-id=\"6a3c598b\" data-element_type=\"column\">\n\t\t\t<div class=\"elementor-widget-wrap elementor-element-populated\">\n\t\t\t\t\t\t<div class=\"elementor-element elementor-element-4e1cd2c elementor-widget elementor-widget-heading\" data-id=\"4e1cd2c\" data-element_type=\"widget\" data-widget_type=\"heading.default\">\n\t\t\t\t<div class=\"elementor-widget-container\">\n\t\t\t\t\t<h2 class=\"elementor-heading-title elementor-size-large\">Localizaci\u00f3n y contacto<\/h2>\t\t\t\t<\/div>\n\t\t\t\t<\/div>\n\t\t\t\t<section class=\"elementor-section elementor-inner-section elementor-element elementor-element-33f485e2 elementor-section-boxed elementor-section-height-default elementor-section-height-default\" data-id=\"33f485e2\" data-element_type=\"section\">\n\t\t\t\t\t\t<div class=\"elementor-container elementor-column-gap-no\">\n\t\t\t\t\t<div class=\"elementor-column elementor-col-50 elementor-inner-column elementor-element elementor-element-1497a808\" data-id=\"1497a808\" data-element_type=\"column\">\n\t\t\t<div class=\"elementor-widget-wrap elementor-element-populated\">\n\t\t\t\t\t\t<div class=\"elementor-element elementor-element-7ef633a7 elementor-position-left elementor-view-default elementor-mobile-position-top elementor-vertical-align-top elementor-widget elementor-widget-icon-box\" data-id=\"7ef633a7\" data-element_type=\"widget\" data-widget_type=\"icon-box.default\">\n\t\t\t\t<div class=\"elementor-widget-container\">\n\t\t\t\t\t\t\t<div class=\"elementor-icon-box-wrapper\">\n\n\t\t\t\t\t\t<div class=\"elementor-icon-box-icon\">\n\t\t\t\t<span  class=\"elementor-icon\">\n\t\t\t\t<i aria-hidden=\"true\" class=\"fas fa-star\"><\/i>\t\t\t\t<\/span>\n\t\t\t<\/div>\n\t\t\t\n\t\t\t\t\t\t<div class=\"elementor-icon-box-content\">\n\n\t\t\t\t\t\t\t\t\t<h3 class=\"elementor-icon-box-title\">\n\t\t\t\t\t\t<span  >\n\t\t\t\t\t\t\tHorario de atenci\u00f3n\t\t\t\t\t\t<\/span>\n\t\t\t\t\t<\/h3>\n\t\t\t\t\n\t\t\t\t\t\t\t\t\t<p class=\"elementor-icon-box-description\">\n\t\t\t\t\t\tLunes a Viernes: 8:00 -17:00 Hrs \t\t\t\t\t<\/p>\n\t\t\t\t\n\t\t\t<\/div>\n\t\t\t\n\t\t<\/div>\n\t\t\t\t\t\t<\/div>\n\t\t\t\t<\/div>\n\t\t\t\t<div class=\"elementor-element elementor-element-3bc8ed98 elementor-position-left elementor-view-framed elementor-shape-circle elementor-mobile-position-top elementor-vertical-align-top elementor-widget elementor-widget-icon-box\" data-id=\"3bc8ed98\" data-element_type=\"widget\" data-widget_type=\"icon-box.default\">\n\t\t\t\t<div class=\"elementor-widget-container\">\n\t\t\t\t\t\t\t<div class=\"elementor-icon-box-wrapper\">\n\n\t\t\t\t\t\t<div class=\"elementor-icon-box-icon\">\n\t\t\t\t<a href=\"https:\/\/www.ucsa-ct.edu.py\/\" target=\"_blank\" class=\"elementor-icon\" tabindex=\"-1\" aria-label=\" Estamos aqu\u00ed\">\n\t\t\t\t<i aria-hidden=\"true\" class=\"fas fa-star\"><\/i>\t\t\t\t<\/a>\n\t\t\t<\/div>\n\t\t\t\n\t\t\t\t\t\t<div class=\"elementor-icon-box-content\">\n\n\t\t\t\t\t\t\t\t\t<h3 class=\"elementor-icon-box-title\">\n\t\t\t\t\t\t<a href=\"https:\/\/www.ucsa-ct.edu.py\/\" target=\"_blank\" >\n\t\t\t\t\t\t\t Estamos aqu\u00ed\t\t\t\t\t\t<\/a>\n\t\t\t\t\t<\/h3>\n\t\t\t\t\n\t\t\t\t\t\t\t\t\t<p class=\"elementor-icon-box-description\">\n\t\t\t\t\t\tCentro Tecnol\u00f3gico UCSA\n<br> Espa\u00f1a 443 c\/ Brasil <br>Telefono: (021) 221 - 104\n<br>Email: investigacion@ucsa.edu.py\t\t\t\t\t<\/p>\n\t\t\t\t\n\t\t\t<\/div>\n\t\t\t\n\t\t<\/div>\n\t\t\t\t\t\t<\/div>\n\t\t\t\t<\/div>\n\t\t\t\t\t<\/div>\n\t\t<\/div>\n\t\t\t\t<div class=\"elementor-column elementor-col-50 elementor-inner-column elementor-element elementor-element-25624e07\" data-id=\"25624e07\" data-element_type=\"column\">\n\t\t\t<div class=\"elementor-widget-wrap elementor-element-populated\">\n\t\t\t\t\t\t<div class=\"elementor-element elementor-element-6fc8e068 elementor-widget elementor-widget-google_maps\" data-id=\"6fc8e068\" data-element_type=\"widget\" data-widget_type=\"google_maps.default\">\n\t\t\t\t<div class=\"elementor-widget-container\">\n\t\t\t\t\t\t\t<div class=\"elementor-custom-embed\">\n\t\t\t<iframe loading=\"lazy\"\n\t\t\t\t\tsrc=\"https:\/\/maps.google.com\/maps?q=Centro%20Tecnol%C3%B3gico%20UCSA%2C%20Asunci%C3%B3n&#038;t=m&#038;z=10&#038;output=embed&#038;iwloc=near\"\n\t\t\t\t\ttitle=\"Centro Tecnol\u00f3gico UCSA, Asunci\u00f3n\"\n\t\t\t\t\taria-label=\"Centro Tecnol\u00f3gico UCSA, Asunci\u00f3n\"\n\t\t\t><\/iframe>\n\t\t<\/div>\n\t\t\t\t\t\t<\/div>\n\t\t\t\t<\/div>\n\t\t\t\t\t<\/div>\n\t\t<\/div>\n\t\t\t\t\t<\/div>\n\t\t<\/section>\n\t\t\t\t\t<\/div>\n\t\t<\/div>\n\t\t\t\t\t<\/div>\n\t\t<\/section>\n\t\t\t\t<\/div>\n\t\t","protected":false},"excerpt":{"rendered":"<p>Grupo de Estudios de Investigaci\u00f3n, Desarrollo e Innovaci\u00f3n de Sistemas El\u00e9ctricos Prop\u00f3sito El GEIDISE\/GEDIISE tiene como objetivo desarrollar e innovar la filis de la Ingenier\u00eda El\u00e9ctrica en el dominio de Sistemas de Potencia, Generaci\u00f3n, Transmisi\u00f3n, Distribuci\u00f3n y Comercializaci\u00f3n de la misma. A su vez, promueve el desarrollo de la Inteligencia Artificial aplicada a la Ingenier\u00eda, [&hellip;]<\/p>\n","protected":false},"author":1,"featured_media":0,"parent":0,"menu_order":0,"comment_status":"closed","ping_status":"closed","template":"elementor_header_footer","meta":{"footnotes":""},"class_list":["post-5","page","type-page","status-publish","hentry"],"_links":{"self":[{"href":"https:\/\/inv.ucsa-ct.edu.py\/geidise\/wp-json\/wp\/v2\/pages\/5","targetHints":{"allow":["GET"]}}],"collection":[{"href":"https:\/\/inv.ucsa-ct.edu.py\/geidise\/wp-json\/wp\/v2\/pages"}],"about":[{"href":"https:\/\/inv.ucsa-ct.edu.py\/geidise\/wp-json\/wp\/v2\/types\/page"}],"author":[{"embeddable":true,"href":"https:\/\/inv.ucsa-ct.edu.py\/geidise\/wp-json\/wp\/v2\/users\/1"}],"replies":[{"embeddable":true,"href":"https:\/\/inv.ucsa-ct.edu.py\/geidise\/wp-json\/wp\/v2\/comments?post=5"}],"version-history":[{"count":10,"href":"https:\/\/inv.ucsa-ct.edu.py\/geidise\/wp-json\/wp\/v2\/pages\/5\/revisions"}],"predecessor-version":[{"id":180,"href":"https:\/\/inv.ucsa-ct.edu.py\/geidise\/wp-json\/wp\/v2\/pages\/5\/revisions\/180"}],"wp:attachment":[{"href":"https:\/\/inv.ucsa-ct.edu.py\/geidise\/wp-json\/wp\/v2\/media?parent=5"}],"curies":[{"name":"wp","href":"https:\/\/api.w.org\/{rel}","templated":true}]}}