{"id":7,"date":"2019-09-12T00:10:21","date_gmt":"2019-09-11T22:10:21","guid":{"rendered":"https:\/\/inv.ucsa-ct.edu.py\/enerpy\/?page_id=7"},"modified":"2019-09-14T17:50:39","modified_gmt":"2019-09-14T15:50:39","slug":"ieee","status":"publish","type":"page","link":"https:\/\/inv.ucsa-ct.edu.py\/enerpy\/ieee\/","title":{"rendered":"ieee"},"content":{"rendered":"\t\t<div data-elementor-type=\"wp-page\" data-elementor-id=\"7\" class=\"elementor elementor-7\">\n\t\t\t\t\t\t<section class=\"elementor-section elementor-top-section elementor-element elementor-element-3790d220 elementor-section-full_width elementor-section-stretched elementor-section-height-default elementor-section-height-default\" data-id=\"3790d220\" data-element_type=\"section\" data-settings=\"{&quot;stretch_section&quot;:&quot;section-stretched&quot;}\">\n\t\t\t\t\t\t<div class=\"elementor-container elementor-column-gap-default\">\n\t\t\t\t\t<header class=\"elementor-column elementor-col-100 elementor-top-column elementor-element elementor-element-1dfe9b3e\" data-id=\"1dfe9b3e\" data-element_type=\"column\" data-settings=\"{&quot;background_background&quot;:&quot;classic&quot;}\">\n\t\t\t<div class=\"elementor-widget-wrap elementor-element-populated\">\n\t\t\t\t\t\t<div class=\"elementor-element elementor-element-352a9df7 elementor-widget elementor-widget-heading\" data-id=\"352a9df7\" data-element_type=\"widget\" data-widget_type=\"heading.default\">\n\t\t\t\t<div class=\"elementor-widget-container\">\n\t\t\t\t\t<h1 class=\"elementor-heading-title elementor-size-default\">Simposio Energ\u00edas Renovables - ENERPY 2019<\/h1>\t\t\t\t<\/div>\n\t\t\t\t<\/div>\n\t\t\t\t\t<\/div>\n\t\t<\/header>\n\t\t\t\t\t<\/div>\n\t\t<\/section>\n\t\t\t\t<section class=\"elementor-section elementor-top-section elementor-element elementor-element-149fa69d elementor-section-full_width elementor-section-stretched elementor-section-height-default elementor-section-height-default\" data-id=\"149fa69d\" data-element_type=\"section\" data-settings=\"{&quot;stretch_section&quot;:&quot;section-stretched&quot;}\">\n\t\t\t\t\t\t<div class=\"elementor-container elementor-column-gap-default\">\n\t\t\t\t\t<header class=\"elementor-column elementor-col-100 elementor-top-column elementor-element elementor-element-10143d5b\" data-id=\"10143d5b\" data-element_type=\"column\" data-settings=\"{&quot;background_background&quot;:&quot;classic&quot;}\">\n\t\t\t<div class=\"elementor-widget-wrap elementor-element-populated\">\n\t\t\t\t\t\t<div class=\"elementor-element elementor-element-f7bf4ed elementor-widget elementor-widget-heading\" data-id=\"f7bf4ed\" data-element_type=\"widget\" data-widget_type=\"heading.default\">\n\t\t\t\t<div class=\"elementor-widget-container\">\n\t\t\t\t\t<h3 class=\"elementor-heading-title elementor-size-default\">\"Proyecto cofinanciado por el Consejo Nacional de Ciencia y Tecnolog\u00eda - CONACYT con recursos del FEEI\"<\/h3>\t\t\t\t<\/div>\n\t\t\t\t<\/div>\n\t\t\t\t\t<\/div>\n\t\t<\/header>\n\t\t\t\t\t<\/div>\n\t\t<\/section>\n\t\t\t\t<section class=\"elementor-section elementor-top-section elementor-element elementor-element-43c3e3d8 elementor-section-stretched elementor-section-full_width elementor-section-height-default elementor-section-height-default\" data-id=\"43c3e3d8\" data-element_type=\"section\" data-settings=\"{&quot;stretch_section&quot;:&quot;section-stretched&quot;,&quot;background_background&quot;:&quot;classic&quot;}\">\n\t\t\t\t\t\t<div class=\"elementor-container elementor-column-gap-default\">\n\t\t\t\t\t<div class=\"elementor-column elementor-col-25 elementor-top-column elementor-element elementor-element-eb82344\" data-id=\"eb82344\" data-element_type=\"column\">\n\t\t\t<div class=\"elementor-widget-wrap elementor-element-populated\">\n\t\t\t\t\t\t<div class=\"elementor-element elementor-element-24baf54b elementor-widget elementor-widget-image\" data-id=\"24baf54b\" data-element_type=\"widget\" data-widget_type=\"image.default\">\n\t\t\t\t<div class=\"elementor-widget-container\">\n\t\t\t\t\t\t\t\t\t\t\t\t\t\t\t<img fetchpriority=\"high\" decoding=\"async\" width=\"900\" height=\"257\" src=\"https:\/\/inv.ucsa-ct.edu.py\/enerpy\/wp-content\/uploads\/sites\/3\/2019\/09\/conacyt-1024x292.png\" class=\"attachment-large size-large wp-image-30\" alt=\"\" srcset=\"https:\/\/inv.ucsa-ct.edu.py\/enerpy\/wp-content\/uploads\/sites\/3\/2019\/09\/conacyt.png 1024w, https:\/\/inv.ucsa-ct.edu.py\/enerpy\/wp-content\/uploads\/sites\/3\/2019\/09\/conacyt-300x86.png 300w, https:\/\/inv.ucsa-ct.edu.py\/enerpy\/wp-content\/uploads\/sites\/3\/2019\/09\/conacyt-768x219.png 768w\" sizes=\"(max-width: 900px) 100vw, 900px\" \/>\t\t\t\t\t\t\t\t\t\t\t\t\t\t\t<\/div>\n\t\t\t\t<\/div>\n\t\t\t\t\t<\/div>\n\t\t<\/div>\n\t\t\t\t<div class=\"elementor-column elementor-col-25 elementor-top-column elementor-element elementor-element-53135777\" data-id=\"53135777\" data-element_type=\"column\">\n\t\t\t<div class=\"elementor-widget-wrap elementor-element-populated\">\n\t\t\t\t\t\t<div class=\"elementor-element elementor-element-2c789529 elementor-widget elementor-widget-image\" data-id=\"2c789529\" data-element_type=\"widget\" data-widget_type=\"image.default\">\n\t\t\t\t<div class=\"elementor-widget-container\">\n\t\t\t\t\t\t\t\t\t\t\t\t\t\t\t<img decoding=\"async\" width=\"900\" height=\"267\" src=\"https:\/\/inv.ucsa-ct.edu.py\/enerpy\/wp-content\/uploads\/sites\/3\/2019\/09\/prociencia-1024x304.jpeg\" class=\"attachment-large size-large wp-image-31\" alt=\"\" srcset=\"https:\/\/inv.ucsa-ct.edu.py\/enerpy\/wp-content\/uploads\/sites\/3\/2019\/09\/prociencia.jpeg 1024w, https:\/\/inv.ucsa-ct.edu.py\/enerpy\/wp-content\/uploads\/sites\/3\/2019\/09\/prociencia-300x89.jpeg 300w, https:\/\/inv.ucsa-ct.edu.py\/enerpy\/wp-content\/uploads\/sites\/3\/2019\/09\/prociencia-768x228.jpeg 768w\" sizes=\"(max-width: 900px) 100vw, 900px\" \/>\t\t\t\t\t\t\t\t\t\t\t\t\t\t\t<\/div>\n\t\t\t\t<\/div>\n\t\t\t\t\t<\/div>\n\t\t<\/div>\n\t\t\t\t<div class=\"elementor-column elementor-col-25 elementor-top-column elementor-element elementor-element-6330107b\" data-id=\"6330107b\" data-element_type=\"column\">\n\t\t\t<div class=\"elementor-widget-wrap elementor-element-populated\">\n\t\t\t\t\t\t<div class=\"elementor-element elementor-element-2ce45dce elementor-widget elementor-widget-image\" data-id=\"2ce45dce\" data-element_type=\"widget\" data-widget_type=\"image.default\">\n\t\t\t\t<div class=\"elementor-widget-container\">\n\t\t\t\t\t\t\t\t\t\t\t\t\t\t\t<img decoding=\"async\" width=\"435\" height=\"173\" src=\"https:\/\/inv.ucsa-ct.edu.py\/enerpy\/wp-content\/uploads\/sites\/3\/2019\/09\/ieee-ucsa.jpg\" class=\"attachment-large size-large wp-image-32\" alt=\"\" srcset=\"https:\/\/inv.ucsa-ct.edu.py\/enerpy\/wp-content\/uploads\/sites\/3\/2019\/09\/ieee-ucsa.jpg 435w, https:\/\/inv.ucsa-ct.edu.py\/enerpy\/wp-content\/uploads\/sites\/3\/2019\/09\/ieee-ucsa-300x119.jpg 300w\" sizes=\"(max-width: 435px) 100vw, 435px\" \/>\t\t\t\t\t\t\t\t\t\t\t\t\t\t\t<\/div>\n\t\t\t\t<\/div>\n\t\t\t\t\t<\/div>\n\t\t<\/div>\n\t\t\t\t<div class=\"elementor-column elementor-col-25 elementor-top-column elementor-element elementor-element-2c16a3f7\" data-id=\"2c16a3f7\" data-element_type=\"column\">\n\t\t\t<div class=\"elementor-widget-wrap elementor-element-populated\">\n\t\t\t\t\t\t<div class=\"elementor-element elementor-element-119f0dec elementor-widget elementor-widget-image\" data-id=\"119f0dec\" data-element_type=\"widget\" data-widget_type=\"image.default\">\n\t\t\t\t<div class=\"elementor-widget-container\">\n\t\t\t\t\t\t\t\t\t\t\t\t\t\t\t<img loading=\"lazy\" decoding=\"async\" width=\"150\" height=\"150\" src=\"https:\/\/inv.ucsa-ct.edu.py\/enerpy\/wp-content\/uploads\/sites\/3\/2019\/09\/ieee-wie-150x150.jpg\" class=\"attachment-thumbnail size-thumbnail wp-image-34\" alt=\"\" \/>\t\t\t\t\t\t\t\t\t\t\t\t\t\t\t<\/div>\n\t\t\t\t<\/div>\n\t\t\t\t\t<\/div>\n\t\t<\/div>\n\t\t\t\t\t<\/div>\n\t\t<\/section>\n\t\t\t\t<section class=\"elementor-section elementor-top-section elementor-element elementor-element-66613374 elementor-section-full_width elementor-section-stretched elementor-section-height-default elementor-section-height-default\" data-id=\"66613374\" data-element_type=\"section\" data-settings=\"{&quot;stretch_section&quot;:&quot;section-stretched&quot;}\">\n\t\t\t\t\t\t<div class=\"elementor-container elementor-column-gap-default\">\n\t\t\t\t\t<header class=\"elementor-column elementor-col-100 elementor-top-column elementor-element elementor-element-fbef59d\" data-id=\"fbef59d\" data-element_type=\"column\" data-settings=\"{&quot;background_background&quot;:&quot;classic&quot;}\">\n\t\t\t<div class=\"elementor-widget-wrap elementor-element-populated\">\n\t\t\t\t\t\t<div class=\"elementor-element elementor-element-35eec07f elementor-widget elementor-widget-heading\" data-id=\"35eec07f\" data-element_type=\"widget\" data-widget_type=\"heading.default\">\n\t\t\t\t<div class=\"elementor-widget-container\">\n\t\t\t\t\t<h3 class=\"elementor-heading-title elementor-size-default\">UCSA IEEE Student Branch<\/h3>\t\t\t\t<\/div>\n\t\t\t\t<\/div>\n\t\t\t\t\t<\/div>\n\t\t<\/header>\n\t\t\t\t\t<\/div>\n\t\t<\/section>\n\t\t\t\t<section class=\"elementor-section elementor-top-section elementor-element elementor-element-3d20ea42 elementor-section-full_width elementor-section-stretched elementor-section-height-default elementor-section-height-default\" data-id=\"3d20ea42\" data-element_type=\"section\" data-settings=\"{&quot;background_background&quot;:&quot;classic&quot;,&quot;stretch_section&quot;:&quot;section-stretched&quot;}\">\n\t\t\t\t\t\t<div class=\"elementor-container elementor-column-gap-default\">\n\t\t\t\t\t<div class=\"elementor-column elementor-col-100 elementor-top-column elementor-element elementor-element-69e9ce62\" data-id=\"69e9ce62\" data-element_type=\"column\">\n\t\t\t<div class=\"elementor-widget-wrap elementor-element-populated\">\n\t\t\t\t\t\t<div class=\"elementor-element elementor-element-5b597d4a elementor-widget elementor-widget-accordion\" data-id=\"5b597d4a\" data-element_type=\"widget\" data-widget_type=\"accordion.default\">\n\t\t\t\t<div class=\"elementor-widget-container\">\n\t\t\t\t\t\t\t<div class=\"elementor-accordion\">\n\t\t\t\t\t\t\t<div class=\"elementor-accordion-item\">\n\t\t\t\t\t<div id=\"elementor-tab-title-1531\" class=\"elementor-tab-title\" data-tab=\"1\" role=\"button\" aria-controls=\"elementor-tab-content-1531\" aria-expanded=\"false\">\n\t\t\t\t\t\t\t\t\t\t\t\t\t<span class=\"elementor-accordion-icon elementor-accordion-icon-left\" aria-hidden=\"true\">\n\t\t\t\t\t\t\t\t\t\t\t\t\t\t\t<span class=\"elementor-accordion-icon-closed\"><i class=\"fas fa-plus\"><\/i><\/span>\n\t\t\t\t\t\t\t\t<span class=\"elementor-accordion-icon-opened\"><i class=\"fas fa-minus\"><\/i><\/span>\n\t\t\t\t\t\t\t\t\t\t\t\t\t\t<\/span>\n\t\t\t\t\t\t\t\t\t\t\t\t<a class=\"elementor-accordion-title\" tabindex=\"0\">BREVE RESE\u00d1A<\/a>\n\t\t\t\t\t<\/div>\n\t\t\t\t\t<div id=\"elementor-tab-content-1531\" class=\"elementor-tab-content elementor-clearfix\" data-tab=\"1\" role=\"region\" aria-labelledby=\"elementor-tab-title-1531\"><p><strong>Instituto de Ingenieros El\u00e9ctricos y Electr\u00f3nicos (Institute of Electrical and Electronics Engineers)<\/strong><br \/>IEEE DE LA UNIVERSIDAD DEL CONO SUR DE LAS AMERICAS. ASUNCION &#8211; PARAGUAY.<br \/>IEEE y sus miembros inspiran a una comunidad global a innovar para un mejor ma\u00f1ana a trav\u00e9s de sus m\u00e1s de 423,000 miembros en m\u00e1s de 160 pa\u00edses, y sus publicaciones, conferencias, est\u00e1ndares tecnol\u00f3gicos y actividades profesionales y educativas altamente citadas. IEEE es la \u00abvoz\u00bb de confianza para la informaci\u00f3n de ingenier\u00eda, inform\u00e1tica y tecnolog\u00eda en todo el mundo.<\/p><p>Se esfuerza por lograr los m\u00e1s altos est\u00e1ndares de integridad y se esfuerza por realizar negocios en todo el mundo de manera responsable y \u00e9tica. Es importante que quienes act\u00faen en nombre de la organizaci\u00f3n garanticen el cumplimiento del IEEE al adherirse a los mismos est\u00e1ndares y expectativas<br \/>IEEE est\u00e1 dirigido por un cuerpo diverso de miembros voluntarios elegidos y nombrados. La estructura de gobernanza incluye juntas para \u00e1reas operativas, as\u00ed como organismos que representan a miembros en las 46 Sociedades y Consejos t\u00e9cnicos y diez regiones geogr\u00e1ficas mundiales.<\/p><p>Paraguay integra la regi\u00f3n 9 \u201cLatino Am\u00e9rica y El Caribe\u201d<br \/>Posee 3 Ramas Estudiantiles en:<br \/>Universidad Nacional de Asunci\u00f3n (2008)<br \/>Universidad del Cono Sur de las Am\u00e9ricas (2009)<br \/>Universidad Cat\u00f3lica Nuestra Se\u00f1ora de la Asunci\u00f3n (2019).<\/p><p>El IEEE UCSA Student Branch\u201d se cre\u00f3 en el 2009 y con mayor fuerza desde el A\u00f1o 2010, desde entonces se pudo generar muchos eventos tanto para los alumnos de la Universidad como as\u00ed poder colaborar con nuestro entorno.<\/p><p>La rama UCSA cuenta con 2 sociedades que son: <br \/>IEEE Computer Society: es la organizaci\u00f3n l\u00edder mundial de profesionales de inform\u00e1tica y tecnolog\u00eda de la informaci\u00f3n con la fuente principal de la comunidad inform\u00e1tica para datos relevantes y confiables. La membres\u00eda brinda acceso a 33 revistas y transacciones, m\u00e1s de 9,000 publicaciones de conferencias, 225 conferencias internacionales, 3,500 cursos a su propio ritmo y m\u00e1s.<br \/>EEE Industry Applications Society (IAS): se enfoca en las necesidades \u00fanicas de la industria y el comercio al mantener a los miembros al tanto de los desarrollos actuales en el \u00e1rea de tecnolog\u00eda en electricidad y electr\u00f3nica. La membres\u00eda incluye acceso a publicaciones peri\u00f3dicas de vanguardia, seminarios web t\u00e9cnicos mensuales, acceso a las grabaciones y diapositivas del seminario web, descuentos en conferencias y eventos, y oportunidades de establecer contactos, todo mientras avanza la industria a trav\u00e9s de comit\u00e9s t\u00e9cnicos.<\/p><\/div>\n\t\t\t\t<\/div>\n\t\t\t\t\t\t\t<div class=\"elementor-accordion-item\">\n\t\t\t\t\t<div id=\"elementor-tab-title-1532\" class=\"elementor-tab-title\" data-tab=\"2\" role=\"button\" aria-controls=\"elementor-tab-content-1532\" aria-expanded=\"false\">\n\t\t\t\t\t\t\t\t\t\t\t\t\t<span class=\"elementor-accordion-icon elementor-accordion-icon-left\" aria-hidden=\"true\">\n\t\t\t\t\t\t\t\t\t\t\t\t\t\t\t<span class=\"elementor-accordion-icon-closed\"><i class=\"fas fa-plus\"><\/i><\/span>\n\t\t\t\t\t\t\t\t<span class=\"elementor-accordion-icon-opened\"><i class=\"fas fa-minus\"><\/i><\/span>\n\t\t\t\t\t\t\t\t\t\t\t\t\t\t<\/span>\n\t\t\t\t\t\t\t\t\t\t\t\t<a class=\"elementor-accordion-title\" tabindex=\"0\">IEEE WIE UCSA <\/a>\n\t\t\t\t\t<\/div>\n\t\t\t\t\t<div id=\"elementor-tab-content-1532\" class=\"elementor-tab-content elementor-clearfix\" data-tab=\"2\" role=\"region\" aria-labelledby=\"elementor-tab-title-1532\"><p>Tambi\u00e9n cuenta con un grupo de Afinidad:<br \/>IEEE Woman In Engineering (WIE): Su objetivo es facilitar el empoderamiento de mujeres en disciplinas t\u00e9cnicas a nivel mundial. Visualizamos una comunidad vibrante de mujeres y hombres de IEEE que usan colectivamente sus diversos talentos para innovar en beneficio de la humanidad<br \/>En nuestra Rama nos interesamos en ayudar a la sociedad desde los recursos y capacidades que precisamos; entre ellos brindamos Cursos y Talleres de: Microcontrolador Arduino, Automatizaci\u00f3n de PLC Siemens Logo, Automatizaci\u00f3n del hogar con Raspberry pi y Arduino, Liderazgo Estrat\u00e9gico, utilizaci\u00f3n de Impresora 3D. Tambi\u00e9n organizamos eventos de inter\u00e9s para un p\u00fablico variado, podemos citar algunos de ellos: Arduino Day, He for She, WIE Experience, Inspiration IEEE, IEEE DAY, Simposio sobre Inteligencia Artificial aplicada en la Ingenier\u00eda, entre otros. Igualmente, el IEEE UCSA Student Branch es invitado a llevar sus proyectos, compartir sus conocimientos y brindar charlas a varios eventos tanto nacionales como internacionales.<\/p><p><strong>Presidente IEEE WIE UCSA: <\/strong>Rosal\u00eda Ben\u00edtez G\u00f3mez<br \/><span style=\"text-decoration: underline;\">Formaci\u00f3n Acad\u00e9mica<\/span><br \/>Universitarios: <br \/>Ingenier\u00eda Industrial (En Curso) &#8211; Universidad Cono Sur de las Am\u00e9ricas<br \/>Secundarios: <br \/>Bachiller T\u00e9cnico Industrial en Qu\u00edmica &#8211; colegio T\u00e9cnico Nacional de <br \/><span style=\"text-decoration: underline;\">Experiencia<\/span><br \/>MAZZEI INDEL SA &#8211; Analista<\/p><ul><li>An\u00e1lisis de calidad de materias primas, productos intermedios y terminados administrando la gesti\u00f3n total de calidad en la industria.<\/li><li>Controles F\u00edsicos y Qu\u00edmicos de galletitas, finitas y pan dulces.<\/li><li>Utilizaci\u00f3n de implementos y equipos apropiados para el an\u00e1lisis. Manejo de balanzas (electr\u00f3nica, digital y anal\u00edtica). Analizador de humedad.<\/li><li>Validar t\u00e9cnicas y metodolog\u00edas de an\u00e1lisis de calidad durante toda la cadena de producci\u00f3n.<\/li><li>Dosificaci\u00f3n empleando medidores volum\u00e9tricos y gravim\u00e9tricos continuos.<\/li><li>Contacto con altos hornos, bandas y m\u00e1quinas de envase y embalaje.<\/li><li>Elaboraci\u00f3n y control de planillas de datos obtenidos en los an\u00e1lisis.<\/li><li>Elaboraci\u00f3n de planillas para extractos de salarios.<\/li><\/ul><\/div>\n\t\t\t\t<\/div>\n\t\t\t\t\t\t\t\t<\/div>\n\t\t\t\t\t\t<\/div>\n\t\t\t\t<\/div>\n\t\t\t\t\t<\/div>\n\t\t<\/div>\n\t\t\t\t\t<\/div>\n\t\t<\/section>\n\t\t\t\t<\/div>\n\t\t","protected":false},"excerpt":{"rendered":"<p>Simposio Energ\u00edas Renovables &#8211; ENERPY 2019 \u00abProyecto cofinanciado por el Consejo Nacional de Ciencia y Tecnolog\u00eda &#8211; CONACYT con recursos del FEEI\u00bb UCSA IEEE Student Branch BREVE RESE\u00d1A Instituto de Ingenieros El\u00e9ctricos y Electr\u00f3nicos (Institute of Electrical and Electronics Engineers)IEEE DE LA UNIVERSIDAD DEL CONO SUR DE LAS AMERICAS. ASUNCION &#8211; PARAGUAY.IEEE y sus miembros [&hellip;]<\/p>\n","protected":false},"author":1,"featured_media":0,"parent":0,"menu_order":0,"comment_status":"closed","ping_status":"closed","template":"elementor_header_footer","meta":{"footnotes":""},"class_list":["post-7","page","type-page","status-publish","hentry"],"_links":{"self":[{"href":"https:\/\/inv.ucsa-ct.edu.py\/enerpy\/wp-json\/wp\/v2\/pages\/7","targetHints":{"allow":["GET"]}}],"collection":[{"href":"https:\/\/inv.ucsa-ct.edu.py\/enerpy\/wp-json\/wp\/v2\/pages"}],"about":[{"href":"https:\/\/inv.ucsa-ct.edu.py\/enerpy\/wp-json\/wp\/v2\/types\/page"}],"author":[{"embeddable":true,"href":"https:\/\/inv.ucsa-ct.edu.py\/enerpy\/wp-json\/wp\/v2\/users\/1"}],"replies":[{"embeddable":true,"href":"https:\/\/inv.ucsa-ct.edu.py\/enerpy\/wp-json\/wp\/v2\/comments?post=7"}],"version-history":[{"count":5,"href":"https:\/\/inv.ucsa-ct.edu.py\/enerpy\/wp-json\/wp\/v2\/pages\/7\/revisions"}],"predecessor-version":[{"id":159,"href":"https:\/\/inv.ucsa-ct.edu.py\/enerpy\/wp-json\/wp\/v2\/pages\/7\/revisions\/159"}],"wp:attachment":[{"href":"https:\/\/inv.ucsa-ct.edu.py\/enerpy\/wp-json\/wp\/v2\/media?parent=7"}],"curies":[{"name":"wp","href":"https:\/\/api.w.org\/{rel}","templated":true}]}}