{"id":5,"date":"2019-09-12T00:09:56","date_gmt":"2019-09-11T22:09:56","guid":{"rendered":"https:\/\/inv.ucsa-ct.edu.py\/enerpy\/?page_id=5"},"modified":"2020-01-03T21:54:26","modified_gmt":"2020-01-03T20:54:26","slug":"home","status":"publish","type":"page","link":"https:\/\/inv.ucsa-ct.edu.py\/enerpy\/","title":{"rendered":"home"},"content":{"rendered":"\t\t<div data-elementor-type=\"wp-page\" data-elementor-id=\"5\" class=\"elementor elementor-5\">\n\t\t\t\t\t\t<section class=\"elementor-section elementor-top-section elementor-element elementor-element-7ab2afb1 elementor-section-full_width elementor-section-height-min-height elementor-section-stretched elementor-section-height-default elementor-section-items-middle\" data-id=\"7ab2afb1\" data-element_type=\"section\" data-settings=\"{&quot;background_background&quot;:&quot;classic&quot;,&quot;stretch_section&quot;:&quot;section-stretched&quot;}\">\n\t\t\t\t\t\t\t<div class=\"elementor-background-overlay\"><\/div>\n\t\t\t\t\t\t\t<div class=\"elementor-container elementor-column-gap-default\">\n\t\t\t\t\t<div class=\"elementor-column elementor-col-100 elementor-top-column elementor-element elementor-element-73397e02\" data-id=\"73397e02\" data-element_type=\"column\">\n\t\t\t<div class=\"elementor-widget-wrap\">\n\t\t\t\t\t\t\t<\/div>\n\t\t<\/div>\n\t\t\t\t\t<\/div>\n\t\t<\/section>\n\t\t\t\t<section class=\"elementor-section elementor-top-section elementor-element elementor-element-571e1fce elementor-section-full_width elementor-section-stretched elementor-section-height-default elementor-section-height-default\" data-id=\"571e1fce\" data-element_type=\"section\" data-settings=\"{&quot;stretch_section&quot;:&quot;section-stretched&quot;}\">\n\t\t\t\t\t\t<div class=\"elementor-container elementor-column-gap-default\">\n\t\t\t\t\t<header class=\"elementor-column elementor-col-100 elementor-top-column elementor-element elementor-element-4fc1664d\" data-id=\"4fc1664d\" data-element_type=\"column\" data-settings=\"{&quot;background_background&quot;:&quot;classic&quot;}\">\n\t\t\t<div class=\"elementor-widget-wrap elementor-element-populated\">\n\t\t\t\t\t\t<div class=\"elementor-element elementor-element-2828d316 elementor-widget elementor-widget-heading\" data-id=\"2828d316\" data-element_type=\"widget\" data-widget_type=\"heading.default\">\n\t\t\t\t<div class=\"elementor-widget-container\">\n\t\t\t\t\t<h3 class=\"elementor-heading-title elementor-size-default\">\"Proyecto cofinanciado por el Consejo Nacional de Ciencia y Tecnolog\u00eda - CONACYT con recursos del FEEI\"<\/h3>\t\t\t\t<\/div>\n\t\t\t\t<\/div>\n\t\t\t\t\t<\/div>\n\t\t<\/header>\n\t\t\t\t\t<\/div>\n\t\t<\/section>\n\t\t\t\t<section class=\"elementor-section elementor-top-section elementor-element elementor-element-4c88066a elementor-section-stretched elementor-section-full_width elementor-section-height-default elementor-section-height-default\" data-id=\"4c88066a\" data-element_type=\"section\" data-settings=\"{&quot;stretch_section&quot;:&quot;section-stretched&quot;,&quot;background_background&quot;:&quot;classic&quot;}\">\n\t\t\t\t\t\t<div class=\"elementor-container elementor-column-gap-default\">\n\t\t\t\t\t<div class=\"elementor-column elementor-col-25 elementor-top-column elementor-element elementor-element-54544abe\" data-id=\"54544abe\" data-element_type=\"column\">\n\t\t\t<div class=\"elementor-widget-wrap elementor-element-populated\">\n\t\t\t\t\t\t<div class=\"elementor-element elementor-element-5bb3895e elementor-widget elementor-widget-image\" data-id=\"5bb3895e\" data-element_type=\"widget\" data-widget_type=\"image.default\">\n\t\t\t\t<div class=\"elementor-widget-container\">\n\t\t\t\t\t\t\t\t\t\t\t\t\t\t\t<img fetchpriority=\"high\" decoding=\"async\" width=\"900\" height=\"257\" src=\"https:\/\/inv.ucsa-ct.edu.py\/enerpy\/wp-content\/uploads\/sites\/3\/2019\/09\/conacyt-1024x292.png\" class=\"attachment-large size-large wp-image-30\" alt=\"\" srcset=\"https:\/\/inv.ucsa-ct.edu.py\/enerpy\/wp-content\/uploads\/sites\/3\/2019\/09\/conacyt.png 1024w, https:\/\/inv.ucsa-ct.edu.py\/enerpy\/wp-content\/uploads\/sites\/3\/2019\/09\/conacyt-300x86.png 300w, https:\/\/inv.ucsa-ct.edu.py\/enerpy\/wp-content\/uploads\/sites\/3\/2019\/09\/conacyt-768x219.png 768w\" sizes=\"(max-width: 900px) 100vw, 900px\" \/>\t\t\t\t\t\t\t\t\t\t\t\t\t\t\t<\/div>\n\t\t\t\t<\/div>\n\t\t\t\t\t<\/div>\n\t\t<\/div>\n\t\t\t\t<div class=\"elementor-column elementor-col-25 elementor-top-column elementor-element elementor-element-6f4f3afe\" data-id=\"6f4f3afe\" data-element_type=\"column\">\n\t\t\t<div class=\"elementor-widget-wrap elementor-element-populated\">\n\t\t\t\t\t\t<div class=\"elementor-element elementor-element-7d493225 elementor-widget elementor-widget-image\" data-id=\"7d493225\" data-element_type=\"widget\" data-widget_type=\"image.default\">\n\t\t\t\t<div class=\"elementor-widget-container\">\n\t\t\t\t\t\t\t\t\t\t\t\t\t\t\t<img decoding=\"async\" width=\"900\" height=\"267\" src=\"https:\/\/inv.ucsa-ct.edu.py\/enerpy\/wp-content\/uploads\/sites\/3\/2019\/09\/prociencia-1024x304.jpeg\" class=\"attachment-large size-large wp-image-31\" alt=\"\" srcset=\"https:\/\/inv.ucsa-ct.edu.py\/enerpy\/wp-content\/uploads\/sites\/3\/2019\/09\/prociencia.jpeg 1024w, https:\/\/inv.ucsa-ct.edu.py\/enerpy\/wp-content\/uploads\/sites\/3\/2019\/09\/prociencia-300x89.jpeg 300w, https:\/\/inv.ucsa-ct.edu.py\/enerpy\/wp-content\/uploads\/sites\/3\/2019\/09\/prociencia-768x228.jpeg 768w\" sizes=\"(max-width: 900px) 100vw, 900px\" \/>\t\t\t\t\t\t\t\t\t\t\t\t\t\t\t<\/div>\n\t\t\t\t<\/div>\n\t\t\t\t\t<\/div>\n\t\t<\/div>\n\t\t\t\t<div class=\"elementor-column elementor-col-25 elementor-top-column elementor-element elementor-element-317cddf6\" data-id=\"317cddf6\" data-element_type=\"column\">\n\t\t\t<div class=\"elementor-widget-wrap elementor-element-populated\">\n\t\t\t\t\t\t<div class=\"elementor-element elementor-element-6ba63f0e elementor-widget elementor-widget-image\" data-id=\"6ba63f0e\" data-element_type=\"widget\" data-widget_type=\"image.default\">\n\t\t\t\t<div class=\"elementor-widget-container\">\n\t\t\t\t\t\t\t\t\t\t\t\t\t\t\t<img decoding=\"async\" width=\"435\" height=\"173\" src=\"https:\/\/inv.ucsa-ct.edu.py\/enerpy\/wp-content\/uploads\/sites\/3\/2019\/09\/ieee-ucsa.jpg\" class=\"attachment-large size-large wp-image-32\" alt=\"\" srcset=\"https:\/\/inv.ucsa-ct.edu.py\/enerpy\/wp-content\/uploads\/sites\/3\/2019\/09\/ieee-ucsa.jpg 435w, https:\/\/inv.ucsa-ct.edu.py\/enerpy\/wp-content\/uploads\/sites\/3\/2019\/09\/ieee-ucsa-300x119.jpg 300w\" sizes=\"(max-width: 435px) 100vw, 435px\" \/>\t\t\t\t\t\t\t\t\t\t\t\t\t\t\t<\/div>\n\t\t\t\t<\/div>\n\t\t\t\t\t<\/div>\n\t\t<\/div>\n\t\t\t\t<div class=\"elementor-column elementor-col-25 elementor-top-column elementor-element elementor-element-55f23e00\" data-id=\"55f23e00\" data-element_type=\"column\">\n\t\t\t<div class=\"elementor-widget-wrap elementor-element-populated\">\n\t\t\t\t\t\t<div class=\"elementor-element elementor-element-6165d7c4 elementor-widget elementor-widget-image\" data-id=\"6165d7c4\" data-element_type=\"widget\" data-widget_type=\"image.default\">\n\t\t\t\t<div class=\"elementor-widget-container\">\n\t\t\t\t\t\t\t\t\t\t\t\t\t\t\t<img loading=\"lazy\" decoding=\"async\" width=\"900\" height=\"735\" src=\"https:\/\/inv.ucsa-ct.edu.py\/enerpy\/wp-content\/uploads\/sites\/3\/2019\/09\/ieee-wie.jpg\" class=\"attachment-large size-large wp-image-34\" alt=\"\" srcset=\"https:\/\/inv.ucsa-ct.edu.py\/enerpy\/wp-content\/uploads\/sites\/3\/2019\/09\/ieee-wie.jpg 960w, https:\/\/inv.ucsa-ct.edu.py\/enerpy\/wp-content\/uploads\/sites\/3\/2019\/09\/ieee-wie-300x245.jpg 300w, https:\/\/inv.ucsa-ct.edu.py\/enerpy\/wp-content\/uploads\/sites\/3\/2019\/09\/ieee-wie-768x627.jpg 768w\" sizes=\"(max-width: 900px) 100vw, 900px\" \/>\t\t\t\t\t\t\t\t\t\t\t\t\t\t\t<\/div>\n\t\t\t\t<\/div>\n\t\t\t\t\t<\/div>\n\t\t<\/div>\n\t\t\t\t\t<\/div>\n\t\t<\/section>\n\t\t\t\t<section class=\"elementor-section elementor-top-section elementor-element elementor-element-3c7f3f74 elementor-section-full_width elementor-section-stretched elementor-section-height-default elementor-section-height-default\" data-id=\"3c7f3f74\" data-element_type=\"section\" data-settings=\"{&quot;background_background&quot;:&quot;classic&quot;,&quot;stretch_section&quot;:&quot;section-stretched&quot;}\">\n\t\t\t\t\t\t<div class=\"elementor-container elementor-column-gap-default\">\n\t\t\t\t\t<div class=\"elementor-column elementor-col-100 elementor-top-column elementor-element elementor-element-278a5c79\" data-id=\"278a5c79\" data-element_type=\"column\">\n\t\t\t<div class=\"elementor-widget-wrap elementor-element-populated\">\n\t\t\t\t\t\t<div class=\"elementor-element elementor-element-23797b19 elementor-widget elementor-widget-testimonial\" data-id=\"23797b19\" data-element_type=\"widget\" data-widget_type=\"testimonial.default\">\n\t\t\t\t<div class=\"elementor-widget-container\">\n\t\t\t\t\t\t\t<div class=\"elementor-testimonial-wrapper\">\n\t\t\t\t\t\t\t<div class=\"elementor-testimonial-content\">El objetivo principal del evento es compartir con la comunidad cient\u00edfica, acad\u00e9mica y la sociedad en general los \u00faltimos avances en el \u00e1rea de la ingenier\u00eda aplicada a las energ\u00edas renovables y eficiencia energ\u00e9tica.<\/br>\nObjetivo Especifico <\/br>\n\u2022 Concientizar a la sociedad paraguaya en el uso de las energ\u00edas renovables y la eficiencia energ\u00e9tica. <\/br>\n\u2022 Transferir conocimientos a la comunidad acad\u00e9mica y cient\u00edfica del Paraguay en el \u00e1rea de la ingenier\u00eda aplicada a las energ\u00edas renovables. <\/br>\n\u2022 Realizar el primer simposio sobre energ\u00edas renovables (ENERPY), a ser realizado anualmente en la UCSA.\n<\/div>\n\t\t\t\n\t\t\t\t\t<\/div>\n\t\t\t\t\t\t<\/div>\n\t\t\t\t<\/div>\n\t\t\t\t\t<\/div>\n\t\t<\/div>\n\t\t\t\t\t<\/div>\n\t\t<\/section>\n\t\t\t\t<section class=\"elementor-section elementor-top-section elementor-element elementor-element-6af22a7b elementor-section-full_width elementor-section-stretched elementor-section-height-default elementor-section-height-default\" data-id=\"6af22a7b\" data-element_type=\"section\" data-settings=\"{&quot;background_background&quot;:&quot;classic&quot;,&quot;stretch_section&quot;:&quot;section-stretched&quot;}\">\n\t\t\t\t\t\t<div class=\"elementor-container elementor-column-gap-default\">\n\t\t\t\t\t<div class=\"elementor-column elementor-col-100 elementor-top-column elementor-element elementor-element-da2ac52\" data-id=\"da2ac52\" data-element_type=\"column\">\n\t\t\t<div class=\"elementor-widget-wrap elementor-element-populated\">\n\t\t\t\t\t\t<div class=\"elementor-element elementor-element-1f333c8 elementor-widget elementor-widget-accordion\" data-id=\"1f333c8\" data-element_type=\"widget\" data-widget_type=\"accordion.default\">\n\t\t\t\t<div class=\"elementor-widget-container\">\n\t\t\t\t\t\t\t<div class=\"elementor-accordion\">\n\t\t\t\t\t\t\t<div class=\"elementor-accordion-item\">\n\t\t\t\t\t<div id=\"elementor-tab-title-3271\" class=\"elementor-tab-title\" data-tab=\"1\" role=\"button\" aria-controls=\"elementor-tab-content-3271\" aria-expanded=\"false\">\n\t\t\t\t\t\t\t\t\t\t\t\t\t<span class=\"elementor-accordion-icon elementor-accordion-icon-left\" aria-hidden=\"true\">\n\t\t\t\t\t\t\t\t\t\t\t\t\t\t\t<span class=\"elementor-accordion-icon-closed\"><i class=\"fas fa-plus\"><\/i><\/span>\n\t\t\t\t\t\t\t\t<span class=\"elementor-accordion-icon-opened\"><i class=\"fas fa-minus\"><\/i><\/span>\n\t\t\t\t\t\t\t\t\t\t\t\t\t\t<\/span>\n\t\t\t\t\t\t\t\t\t\t\t\t<a class=\"elementor-accordion-title\" tabindex=\"0\">FUNDAMENTACI\u00d3N<\/a>\n\t\t\t\t\t<\/div>\n\t\t\t\t\t<div id=\"elementor-tab-content-3271\" class=\"elementor-tab-content elementor-clearfix\" data-tab=\"1\" role=\"region\" aria-labelledby=\"elementor-tab-title-3271\"><p>La Universidad del Cono Sur de las Am\u00e9ricas, ha perseguido el objetivo del cumplimiento de sus l\u00edneas de investigaci\u00f3n, de las cuales una de ellas se centra en la \u201c<strong>B\u00fasqueda de la eficiencia energ\u00e9tica del pa\u00eds ya sea mediante el desarrollo de nuevas formas de energ\u00edas renovables o la optimizaci\u00f3n de la utilizaci\u00f3n de la energ\u00eda hidroel\u00e9ctrica\u201d, <\/strong>es por ello a trav\u00e9s de su Centro Tecnol\u00f3gico en conjunto con la Direcci\u00f3n del \u00c1rea de Ingenier\u00eda y la Direcci\u00f3n de la Maestr\u00eda en Ing. Electr\u00f3nica\u00a0 organiza este evento que nuclear\u00e1 conferencistas, acad\u00e9micos,\u00a0 empresarios y profesionales con el objetivo de propiciar el intercambio de conocimientos desde los diferentes estamentos\u00a0 para abordar el eje tem\u00e1tico de \u201cEnerg\u00edas Renovables, sabiendo que uno de los principales retos de hoy en d\u00eda es el de provisionar y manejar los recursos de manera\u00a0 sostenible, estrategia que enfoca el Plan Nacional de Desarrollo Paraguay 2030 (Valorizaci\u00f3n del Capital Ambiental, en su objetivo de aumentar las Energ\u00edas Renovables).<\/p><p>El simposio \u201cENERPY 2019\u201d es una forma de articular acciones que promueven las formas de energ\u00edas renovables, a trav\u00e9s del intercambio de experiencias de diversos expositores prestigiosos a nivel internacional<\/p><\/div>\n\t\t\t\t<\/div>\n\t\t\t\t\t\t\t<div class=\"elementor-accordion-item\">\n\t\t\t\t\t<div id=\"elementor-tab-title-3272\" class=\"elementor-tab-title\" data-tab=\"2\" role=\"button\" aria-controls=\"elementor-tab-content-3272\" aria-expanded=\"false\">\n\t\t\t\t\t\t\t\t\t\t\t\t\t<span class=\"elementor-accordion-icon elementor-accordion-icon-left\" aria-hidden=\"true\">\n\t\t\t\t\t\t\t\t\t\t\t\t\t\t\t<span class=\"elementor-accordion-icon-closed\"><i class=\"fas fa-plus\"><\/i><\/span>\n\t\t\t\t\t\t\t\t<span class=\"elementor-accordion-icon-opened\"><i class=\"fas fa-minus\"><\/i><\/span>\n\t\t\t\t\t\t\t\t\t\t\t\t\t\t<\/span>\n\t\t\t\t\t\t\t\t\t\t\t\t<a class=\"elementor-accordion-title\" tabindex=\"0\">DESCRIPCI\u00d3N DEL SIMPOSIO<\/a>\n\t\t\t\t\t<\/div>\n\t\t\t\t\t<div id=\"elementor-tab-content-3272\" class=\"elementor-tab-content elementor-clearfix\" data-tab=\"2\" role=\"region\" aria-labelledby=\"elementor-tab-title-3272\"><ul><li>La Universidad del Cono Sur de las Am\u00e9ricas, a trav\u00e9s de su Centro Tecnol\u00f3gico y la Direcci\u00f3n del \u00c1rea de las Ingenier\u00edas organizan este simposio que nuclear\u00e1 a conferencistas especialistas de primer nivel nacional e internacional.<\/li><li>Se trata de un encuentro de investigadores, estudiantes, acad\u00e9micos y profesionales del \u00e1rea que se reunir\u00e1n para conocer las nuevas tendencias, l\u00edneas de investigaci\u00f3n y mejores pr\u00e1cticas en energ\u00edas renovables que buscan innovaciones eficaces y sostenibles en el pa\u00eds, la regi\u00f3n y Europa.<\/li><li>El Simposio consistir\u00e1 en presentaciones magistrales de expertos, mesas redondas para analizar diferentes temas relacionados a las energ\u00edas renovables y a las pol\u00edticas nacionales al respecto.<\/li><li>Empresas del rubro podr\u00e1n realizar exposiciones de sus productos y servicios.<\/li><\/ul><\/div>\n\t\t\t\t<\/div>\n\t\t\t\t\t\t\t\t<\/div>\n\t\t\t\t\t\t<\/div>\n\t\t\t\t<\/div>\n\t\t\t\t\t<\/div>\n\t\t<\/div>\n\t\t\t\t\t<\/div>\n\t\t<\/section>\n\t\t\t\t<section class=\"elementor-section elementor-top-section elementor-element elementor-element-3b83abde elementor-section-full_width elementor-section-height-min-height elementor-section-content-middle elementor-reverse-mobile elementor-section-stretched elementor-section-height-default elementor-section-items-middle\" data-id=\"3b83abde\" data-element_type=\"section\" data-settings=\"{&quot;background_background&quot;:&quot;classic&quot;,&quot;stretch_section&quot;:&quot;section-stretched&quot;}\">\n\t\t\t\t\t\t<div class=\"elementor-container elementor-column-gap-default\">\n\t\t\t\t\t<div class=\"elementor-column elementor-col-50 elementor-top-column elementor-element elementor-element-128348c1\" data-id=\"128348c1\" data-element_type=\"column\">\n\t\t\t<div class=\"elementor-widget-wrap elementor-element-populated\">\n\t\t\t\t\t\t<div class=\"elementor-element elementor-element-498dcecc elementor-widget elementor-widget-image\" data-id=\"498dcecc\" data-element_type=\"widget\" data-widget_type=\"image.default\">\n\t\t\t\t<div class=\"elementor-widget-container\">\n\t\t\t\t\t\t\t\t\t\t\t\t\t\t\t<img loading=\"lazy\" decoding=\"async\" width=\"894\" height=\"1091\" src=\"https:\/\/inv.ucsa-ct.edu.py\/enerpy\/wp-content\/uploads\/sites\/3\/2019\/09\/ENEREPY-2019-1.png\" class=\"attachment-full size-full wp-image-28\" alt=\"\" srcset=\"https:\/\/inv.ucsa-ct.edu.py\/enerpy\/wp-content\/uploads\/sites\/3\/2019\/09\/ENEREPY-2019-1.png 894w, https:\/\/inv.ucsa-ct.edu.py\/enerpy\/wp-content\/uploads\/sites\/3\/2019\/09\/ENEREPY-2019-1-246x300.png 246w, https:\/\/inv.ucsa-ct.edu.py\/enerpy\/wp-content\/uploads\/sites\/3\/2019\/09\/ENEREPY-2019-1-768x937.png 768w, https:\/\/inv.ucsa-ct.edu.py\/enerpy\/wp-content\/uploads\/sites\/3\/2019\/09\/ENEREPY-2019-1-839x1024.png 839w\" sizes=\"(max-width: 894px) 100vw, 894px\" \/>\t\t\t\t\t\t\t\t\t\t\t\t\t\t\t<\/div>\n\t\t\t\t<\/div>\n\t\t\t\t\t<\/div>\n\t\t<\/div>\n\t\t\t\t<div class=\"elementor-column elementor-col-50 elementor-top-column elementor-element elementor-element-83a2b40\" data-id=\"83a2b40\" data-element_type=\"column\">\n\t\t\t<div class=\"elementor-widget-wrap elementor-element-populated\">\n\t\t\t\t\t\t<div class=\"elementor-element elementor-element-2180a42d elementor-widget-divider--view-line elementor-widget elementor-widget-divider\" data-id=\"2180a42d\" data-element_type=\"widget\" data-widget_type=\"divider.default\">\n\t\t\t\t<div class=\"elementor-widget-container\">\n\t\t\t\t\t\t\t<div class=\"elementor-divider\">\n\t\t\t<span class=\"elementor-divider-separator\">\n\t\t\t\t\t\t<\/span>\n\t\t<\/div>\n\t\t\t\t\t\t<\/div>\n\t\t\t\t<\/div>\n\t\t\t\t<div class=\"elementor-element elementor-element-53fdfba1 elementor-widget elementor-widget-heading\" data-id=\"53fdfba1\" data-element_type=\"widget\" data-widget_type=\"heading.default\">\n\t\t\t\t<div class=\"elementor-widget-container\">\n\t\t\t\t\t<h3 class=\"elementor-heading-title elementor-size-large\">Detalles del simposio<\/h3>\t\t\t\t<\/div>\n\t\t\t\t<\/div>\n\t\t\t\t<div class=\"elementor-element elementor-element-23de0dd elementor-button-info elementor-align-center elementor-widget elementor-widget-button\" data-id=\"23de0dd\" data-element_type=\"widget\" data-widget_type=\"button.default\">\n\t\t\t\t<div class=\"elementor-widget-container\">\n\t\t\t\t\t\t\t\t\t<div class=\"elementor-button-wrapper\">\n\t\t\t\t\t<a class=\"elementor-button elementor-button-link elementor-size-xl\" href=\"https:\/\/inv.ucsa-ct.edu.py\/enerpy\/wp-content\/uploads\/sites\/3\/2020\/01\/Libro-completo-Enerpy-2019.pdf\" target=\"_blank\" rel=\"nofollow\">\n\t\t\t\t\t\t<span class=\"elementor-button-content-wrapper\">\n\t\t\t\t\t\t<span class=\"elementor-button-icon\">\n\t\t\t\t<i aria-hidden=\"true\" class=\"far fa-newspaper\"><\/i>\t\t\t<\/span>\n\t\t\t\t\t\t\t\t\t<span class=\"elementor-button-text\">LIBRO ENERPY 2019<\/span>\n\t\t\t\t\t<\/span>\n\t\t\t\t\t<\/a>\n\t\t\t\t<\/div>\n\t\t\t\t\t\t\t\t<\/div>\n\t\t\t\t<\/div>\n\t\t\t\t<div class=\"elementor-element elementor-element-765151a elementor-button-info elementor-align-center elementor-widget elementor-widget-button\" data-id=\"765151a\" data-element_type=\"widget\" data-widget_type=\"button.default\">\n\t\t\t\t<div class=\"elementor-widget-container\">\n\t\t\t\t\t\t\t\t\t<div class=\"elementor-button-wrapper\">\n\t\t\t\t\t<a class=\"elementor-button elementor-button-link elementor-size-xl\" href=\"https:\/\/inv.ucsa-ct.edu.py\/enerpy\/wp-content\/uploads\/sites\/3\/2020\/01\/5_Programa_8-11.pdf\" target=\"_blank\" rel=\"nofollow\">\n\t\t\t\t\t\t<span class=\"elementor-button-content-wrapper\">\n\t\t\t\t\t\t<span class=\"elementor-button-icon\">\n\t\t\t\t<i aria-hidden=\"true\" class=\"far fa-newspaper\"><\/i>\t\t\t<\/span>\n\t\t\t\t\t\t\t\t\t<span class=\"elementor-button-text\">PROGRAMA DEL SIMPOSIO<\/span>\n\t\t\t\t\t<\/span>\n\t\t\t\t\t<\/a>\n\t\t\t\t<\/div>\n\t\t\t\t\t\t\t\t<\/div>\n\t\t\t\t<\/div>\n\t\t\t\t<div class=\"elementor-element elementor-element-2137fc68 elementor-button-success elementor-align-center elementor-widget elementor-widget-button\" data-id=\"2137fc68\" data-element_type=\"widget\" data-widget_type=\"button.default\">\n\t\t\t\t<div class=\"elementor-widget-container\">\n\t\t\t\t\t\t\t\t\t<div class=\"elementor-button-wrapper\">\n\t\t\t\t\t<a class=\"elementor-button elementor-button-link elementor-size-xl\" href=\"https:\/\/forms.gle\/CA1AH71UNxuCDxhKA\" target=\"_blank\" rel=\"nofollow\">\n\t\t\t\t\t\t<span class=\"elementor-button-content-wrapper\">\n\t\t\t\t\t\t<span class=\"elementor-button-icon\">\n\t\t\t\t<i aria-hidden=\"true\" class=\"fas fa-edit\"><\/i>\t\t\t<\/span>\n\t\t\t\t\t\t\t\t\t<span class=\"elementor-button-text\">\u00a1INSCR\u00cdBETE AQU\u00cd!<\/span>\n\t\t\t\t\t<\/span>\n\t\t\t\t\t<\/a>\n\t\t\t\t<\/div>\n\t\t\t\t\t\t\t\t<\/div>\n\t\t\t\t<\/div>\n\t\t\t\t<div class=\"elementor-element elementor-element-64d84b2d elementor-button-warning elementor-align-center elementor-widget elementor-widget-button\" data-id=\"64d84b2d\" data-element_type=\"widget\" data-widget_type=\"button.default\">\n\t\t\t\t<div class=\"elementor-widget-container\">\n\t\t\t\t\t\t\t\t\t<div class=\"elementor-button-wrapper\">\n\t\t\t\t\t<a class=\"elementor-button elementor-button-link elementor-size-xl\" href=\"https:\/\/inv.ucsa-ct.edu.py\/enerpy\/conferencistas\/\">\n\t\t\t\t\t\t<span class=\"elementor-button-content-wrapper\">\n\t\t\t\t\t\t<span class=\"elementor-button-icon\">\n\t\t\t\t<i aria-hidden=\"true\" class=\"fas fa-address-card\"><\/i>\t\t\t<\/span>\n\t\t\t\t\t\t\t\t\t<span class=\"elementor-button-text\">CONFERENCISTAS<\/span>\n\t\t\t\t\t<\/span>\n\t\t\t\t\t<\/a>\n\t\t\t\t<\/div>\n\t\t\t\t\t\t\t\t<\/div>\n\t\t\t\t<\/div>\n\t\t\t\t<div class=\"elementor-element elementor-element-7aa63f0f elementor-align-center elementor-widget elementor-widget-button\" data-id=\"7aa63f0f\" data-element_type=\"widget\" data-widget_type=\"button.default\">\n\t\t\t\t<div class=\"elementor-widget-container\">\n\t\t\t\t\t\t\t\t\t<div class=\"elementor-button-wrapper\">\n\t\t\t\t\t<a class=\"elementor-button elementor-button-link elementor-size-xl\" href=\"https:\/\/inv.ucsa-ct.edu.py\/enerpy\/resumenes\/\">\n\t\t\t\t\t\t<span class=\"elementor-button-content-wrapper\">\n\t\t\t\t\t\t<span class=\"elementor-button-icon\">\n\t\t\t\t<i aria-hidden=\"true\" class=\"fab fa-wpforms\"><\/i>\t\t\t<\/span>\n\t\t\t\t\t\t\t\t\t<span class=\"elementor-button-text\">RES\u00daMENES <\/span>\n\t\t\t\t\t<\/span>\n\t\t\t\t\t<\/a>\n\t\t\t\t<\/div>\n\t\t\t\t\t\t\t\t<\/div>\n\t\t\t\t<\/div>\n\t\t\t\t<div class=\"elementor-element elementor-element-6d5e1092 elementor-align-center elementor-widget elementor-widget-button\" data-id=\"6d5e1092\" data-element_type=\"widget\" data-widget_type=\"button.default\">\n\t\t\t\t<div class=\"elementor-widget-container\">\n\t\t\t\t\t\t\t\t\t<div class=\"elementor-button-wrapper\">\n\t\t\t\t\t<a class=\"elementor-button elementor-button-link elementor-size-xl\" href=\"https:\/\/inv.ucsa-ct.edu.py\/enerpy\/presentaciones\/\">\n\t\t\t\t\t\t<span class=\"elementor-button-content-wrapper\">\n\t\t\t\t\t\t<span class=\"elementor-button-icon\">\n\t\t\t\t<i aria-hidden=\"true\" class=\"fab fa-wpforms\"><\/i>\t\t\t<\/span>\n\t\t\t\t\t\t\t\t\t<span class=\"elementor-button-text\">PRESENTACIONES<\/span>\n\t\t\t\t\t<\/span>\n\t\t\t\t\t<\/a>\n\t\t\t\t<\/div>\n\t\t\t\t\t\t\t\t<\/div>\n\t\t\t\t<\/div>\n\t\t\t\t<div class=\"elementor-element elementor-element-3cb17578 elementor-align-center elementor-button-info elementor-widget elementor-widget-button\" data-id=\"3cb17578\" data-element_type=\"widget\" data-widget_type=\"button.default\">\n\t\t\t\t<div class=\"elementor-widget-container\">\n\t\t\t\t\t\t\t\t\t<div class=\"elementor-button-wrapper\">\n\t\t\t\t\t<a class=\"elementor-button elementor-button-link elementor-size-xl\" href=\"https:\/\/inv.ucsa-ct.edu.py\/enerpy\/ieee\/\">\n\t\t\t\t\t\t<span class=\"elementor-button-content-wrapper\">\n\t\t\t\t\t\t\t\t\t<span class=\"elementor-button-text\">UCSA IEEE Student Branch<\/span>\n\t\t\t\t\t<\/span>\n\t\t\t\t\t<\/a>\n\t\t\t\t<\/div>\n\t\t\t\t\t\t\t\t<\/div>\n\t\t\t\t<\/div>\n\t\t\t\t\t<\/div>\n\t\t<\/div>\n\t\t\t\t\t<\/div>\n\t\t<\/section>\n\t\t\t\t<section class=\"elementor-section elementor-top-section elementor-element elementor-element-df84d5c elementor-section-full_width elementor-section-stretched elementor-section-height-default elementor-section-height-default\" data-id=\"df84d5c\" data-element_type=\"section\" data-settings=\"{&quot;stretch_section&quot;:&quot;section-stretched&quot;}\">\n\t\t\t\t\t\t<div class=\"elementor-container elementor-column-gap-default\">\n\t\t\t\t\t<header class=\"elementor-column elementor-col-100 elementor-top-column elementor-element elementor-element-2cc3f63f\" data-id=\"2cc3f63f\" data-element_type=\"column\" data-settings=\"{&quot;background_background&quot;:&quot;classic&quot;}\">\n\t\t\t<div class=\"elementor-widget-wrap elementor-element-populated\">\n\t\t\t\t\t\t<div class=\"elementor-element elementor-element-ec0993d elementor-widget elementor-widget-heading\" data-id=\"ec0993d\" data-element_type=\"widget\" data-widget_type=\"heading.default\">\n\t\t\t\t<div class=\"elementor-widget-container\">\n\t\t\t\t\t<h3 class=\"elementor-heading-title elementor-size-default\">Observaci\u00f3n: se trata de un congreso, o un evento de similar magnitud es un requisito obligatorio contar con un comit\u00e9 cient\u00edfico, seg\u00fan lo establecido en GBC 2019.<\/h3>\t\t\t\t<\/div>\n\t\t\t\t<\/div>\n\t\t\t\t\t<\/div>\n\t\t<\/header>\n\t\t\t\t\t<\/div>\n\t\t<\/section>\n\t\t\t\t<\/div>\n\t\t","protected":false},"excerpt":{"rendered":"<p>\u00abProyecto cofinanciado por el Consejo Nacional de Ciencia y Tecnolog\u00eda &#8211; CONACYT con recursos del FEEI\u00bb El objetivo principal del evento es compartir con la comunidad cient\u00edfica, acad\u00e9mica y la sociedad en general los \u00faltimos avances en el \u00e1rea de la ingenier\u00eda aplicada a las energ\u00edas renovables y eficiencia energ\u00e9tica. Objetivo Especifico \u2022 Concientizar a [&hellip;]<\/p>\n","protected":false},"author":1,"featured_media":0,"parent":0,"menu_order":0,"comment_status":"closed","ping_status":"closed","template":"elementor_header_footer","meta":{"footnotes":""},"class_list":["post-5","page","type-page","status-publish","hentry"],"_links":{"self":[{"href":"https:\/\/inv.ucsa-ct.edu.py\/enerpy\/wp-json\/wp\/v2\/pages\/5","targetHints":{"allow":["GET"]}}],"collection":[{"href":"https:\/\/inv.ucsa-ct.edu.py\/enerpy\/wp-json\/wp\/v2\/pages"}],"about":[{"href":"https:\/\/inv.ucsa-ct.edu.py\/enerpy\/wp-json\/wp\/v2\/types\/page"}],"author":[{"embeddable":true,"href":"https:\/\/inv.ucsa-ct.edu.py\/enerpy\/wp-json\/wp\/v2\/users\/1"}],"replies":[{"embeddable":true,"href":"https:\/\/inv.ucsa-ct.edu.py\/enerpy\/wp-json\/wp\/v2\/comments?post=5"}],"version-history":[{"count":18,"href":"https:\/\/inv.ucsa-ct.edu.py\/enerpy\/wp-json\/wp\/v2\/pages\/5\/revisions"}],"predecessor-version":[{"id":173,"href":"https:\/\/inv.ucsa-ct.edu.py\/enerpy\/wp-json\/wp\/v2\/pages\/5\/revisions\/173"}],"wp:attachment":[{"href":"https:\/\/inv.ucsa-ct.edu.py\/enerpy\/wp-json\/wp\/v2\/media?parent=5"}],"curies":[{"name":"wp","href":"https:\/\/api.w.org\/{rel}","templated":true}]}}